{"id":887,"date":"2021-01-20T21:40:22","date_gmt":"2021-01-20T20:40:22","guid":{"rendered":"https:\/\/lefrechet.fr\/?page_id=887"},"modified":"2022-05-17T11:29:05","modified_gmt":"2022-05-17T09:29:05","slug":"loisirs-et-decouvertes","status":"publish","type":"page","link":"https:\/\/lefrechet.fr\/?page_id=887","title":{"rendered":"Loisirs &#038; d\u00e9couvertes"},"content":{"rendered":"\n<p>Venir au Fr\u00e9chet, s&rsquo;y loger, y s\u00e9journer est aussi l&rsquo;occasion d&rsquo;explorer le Comminges. Un territoire qui vous am\u00e8nera des coteaux calcaires des Petites Pyr\u00e9n\u00e9es, jusqu&rsquo;aux Pyr\u00e9n\u00e9es Hautes-Garonnaises. Un site entier serait n\u00e9cessaire pour vous informer de la richesse de ce territoire. Ici, nous vous proposons quelques lieux et \u00e9v\u00e8nements qui nous paraissent incontournables, mais vous invitons \u00e0 joindre les offices de tourisme du territoire pour r\u00e9pondre \u00e0 vos centres d&rsquo;int\u00e9r\u00eat.<\/p>\n\n\n\n<p><strong>Office du tourisme de St Martory : 05 61 97 40 48<\/strong><\/p>\n\n\n\n<p><strong>Office du tourisme de Salies du Salat : 05 61 90 53 93<\/strong><\/p>\n\n\n\n<p><strong>Office du tourisme d&rsquo;Aspet : 05 61 96 86 51<\/strong><\/p>\n\n\n\n<p><strong>Office du tourisme d&rsquo;Arbas : 05 61 90 62 05<\/strong><\/p>\n\n\n\n<p><strong>Office du tourisme de Saint-Gaudens : 05 61 94 77 61<\/strong><\/p>\n\n\n\n<p><strong>Office du tourisme de Martres Tolosane : 05 61 98 66 41<\/strong><\/p>\n\n\n\n<p style=\"font-size:25px\"><strong>Site internet : <a rel=\"noreferrer noopener\" href=\"https:\/\/opyrenees.fr\" target=\"_blank\">wwww.opyrenees.fr<\/a><\/strong><\/p>\n\n\n\n<hr class=\"wp-block-separator is-style-wide\"\/>\n\n\n\n<p class=\"has-normal-font-size\"><strong>A ne pas louper dans le Comminges.<\/strong><\/p>\n\n\n\n<p>Outre les sentiers de d\u00e9couvertes ouverts un peu partout sur le territoire, le Comminges abrite plus de 36 000 ans de patrimoine historique. Depuis l&rsquo;Aurignaciens jusqu&rsquo;aux fa\u00efenciers toujours en activit\u00e9 \u00e0 Martres Tolosane, vous trouverez \u00e0 coup s\u00fbr des lieux charg\u00e9s d&rsquo;histoire pour agr\u00e9menter vos journ\u00e9es. Nous vous en proposons quelques-uns.<\/p>\n\n\n\n<hr class=\"wp-block-separator is-style-wide\"\/>\n\n\n\n<p class=\"has-medium-font-size\"><strong>Aurignac<\/strong><\/p>\n\n\n\n<p>A seulement 6 km du Fr\u00e9chet, vous ferez un bon en arri\u00e8re de 36 000 ans dans le temps, pour d\u00e9couvrir l&rsquo;abri de l&rsquo;Aurignacien et le mus\u00e9e forum qui lui est consacr\u00e9. La ville perch\u00e9e sur un piton calcaire \u00e0 \u00e9galement conserv\u00e9e des parties de son ch\u00e2teau m\u00e9di\u00e9val.<\/p>\n\n\n\n<figure class=\"wp-block-image size-large\"><a href=\"https:\/\/lefrechet.fr\/wp-content\/uploads\/2021\/01\/AURIGNAC-003.jpg\" target=\"_blank\" rel=\"noopener\"><img loading=\"lazy\" decoding=\"async\" width=\"591\" height=\"332\" src=\"https:\/\/lefrechet.fr\/wp-content\/uploads\/2021\/01\/AURIGNAC-003.jpg\" alt=\"\" class=\"wp-image-1321\" srcset=\"https:\/\/lefrechet.fr\/wp-content\/uploads\/2021\/01\/AURIGNAC-003.jpg 591w, https:\/\/lefrechet.fr\/wp-content\/uploads\/2021\/01\/AURIGNAC-003-300x169.jpg 300w, https:\/\/lefrechet.fr\/wp-content\/uploads\/2021\/01\/AURIGNAC-003-140x79.jpg 140w\" sizes=\"auto, (max-width: 591px) 100vw, 591px\" \/><\/a><\/figure>\n\n\n\n<hr class=\"wp-block-separator is-style-wide\"\/>\n\n\n\n<p class=\"has-medium-font-size\"><strong>Alan<\/strong><\/p>\n\n\n\n<p>Situ\u00e9e \u00e0 5 km au nord du Fr\u00e9chet, Alan est aujourd&rsquo;hui un modeste village de 300 habitants. Jadis se fut une place religieuse tr\u00e8s influente. En effet Alan est une sauvet\u00e9, c&rsquo;est \u00e0 dire, une cit\u00e9 cr\u00e9\u00e9e par les eccl\u00e9siastiques. D\u00e8s le XIII<sup>e<\/sup> si\u00e8cle la sauvet\u00e9 est remani\u00e9e en bastide et plusieurs \u00e9v\u00eaques y r\u00e9sideront l&rsquo;hivers, dans le palais, jusqu&rsquo;\u00e0 la r\u00e9volution. A voir entre autres : Le palais des \u00e9v\u00eaques et son &lsquo;portail de la vache&rsquo;, l&rsquo;Hospice Notre-Dame-de-Lorette.<\/p>\n\n\n\n<figure class=\"wp-block-image size-large\"><a href=\"https:\/\/lefrechet.fr\/wp-content\/uploads\/2021\/01\/ALAN-006.jpg\" target=\"_blank\" rel=\"noopener\"><img loading=\"lazy\" decoding=\"async\" width=\"591\" height=\"332\" src=\"https:\/\/lefrechet.fr\/wp-content\/uploads\/2021\/01\/ALAN-006.jpg\" alt=\"\" class=\"wp-image-1320\" srcset=\"https:\/\/lefrechet.fr\/wp-content\/uploads\/2021\/01\/ALAN-006.jpg 591w, https:\/\/lefrechet.fr\/wp-content\/uploads\/2021\/01\/ALAN-006-300x169.jpg 300w, https:\/\/lefrechet.fr\/wp-content\/uploads\/2021\/01\/ALAN-006-140x79.jpg 140w\" sizes=\"auto, (max-width: 591px) 100vw, 591px\" \/><\/a><\/figure>\n\n\n\n<figure class=\"wp-block-image size-large\"><a href=\"https:\/\/lefrechet.fr\/wp-content\/uploads\/2021\/01\/ALAN-005.jpg\" target=\"_blank\" rel=\"noopener\"><img loading=\"lazy\" decoding=\"async\" width=\"591\" height=\"394\" src=\"https:\/\/lefrechet.fr\/wp-content\/uploads\/2021\/01\/ALAN-005.jpg\" alt=\"\" class=\"wp-image-1319\" srcset=\"https:\/\/lefrechet.fr\/wp-content\/uploads\/2021\/01\/ALAN-005.jpg 591w, https:\/\/lefrechet.fr\/wp-content\/uploads\/2021\/01\/ALAN-005-300x200.jpg 300w, https:\/\/lefrechet.fr\/wp-content\/uploads\/2021\/01\/ALAN-005-140x93.jpg 140w\" sizes=\"auto, (max-width: 591px) 100vw, 591px\" \/><\/a><\/figure>\n\n\n\n<hr class=\"wp-block-separator is-style-wide\"\/>\n\n\n\n<p class=\"has-medium-font-size\"><strong>L&rsquo;Abbaye de Bonnefont<\/strong><\/p>\n\n\n\n<p>A environ 11 km du Fr\u00e9chet en passant par Auzas, l&rsquo;Abbaye de Bonnefont, situ\u00e9e sur la Commune de Proupiary, vous transportera au XII<sup>e<\/sup> si\u00e8cle pour vivre au temps des moines cisterciens. Cette abbaye a malheureusement \u00e9t\u00e9 d\u00e9mantel\u00e9e au XIXe si\u00e8cle, mais les restaurations successives, les am\u00e9nagements et la cr\u00e9ation d&rsquo;un jardin m\u00e9di\u00e9val en font aujourd&rsquo;hui un site agr\u00e9able et calme \u00e0 visiter. &nbsp;<\/p>\n\n\n\n<figure class=\"wp-block-image size-large\"><a href=\"https:\/\/lefrechet.fr\/wp-content\/uploads\/2021\/01\/ABBAYE-DE-BONNEFONT-001.jpg\" target=\"_blank\" rel=\"noopener\"><img loading=\"lazy\" decoding=\"async\" width=\"591\" height=\"363\" src=\"https:\/\/lefrechet.fr\/wp-content\/uploads\/2021\/01\/ABBAYE-DE-BONNEFONT-001.jpg\" alt=\"\" class=\"wp-image-1318\" srcset=\"https:\/\/lefrechet.fr\/wp-content\/uploads\/2021\/01\/ABBAYE-DE-BONNEFONT-001.jpg 591w, https:\/\/lefrechet.fr\/wp-content\/uploads\/2021\/01\/ABBAYE-DE-BONNEFONT-001-300x184.jpg 300w, https:\/\/lefrechet.fr\/wp-content\/uploads\/2021\/01\/ABBAYE-DE-BONNEFONT-001-140x86.jpg 140w\" sizes=\"auto, (max-width: 591px) 100vw, 591px\" \/><\/a><\/figure>\n\n\n\n<hr class=\"wp-block-separator is-style-wide\"\/>\n\n\n\n<p class=\"has-medium-font-size\"><strong>Les Carri\u00e8res Romaines de Belb\u00e8ze<\/strong><\/p>\n\n\n\n<p>A 12 km du Fr\u00e9chet, nous vous invitons \u00e0 visiter les carri\u00e8res de P\u00e9d\u00e9gas \u00e0 Belb\u00e8ze-en-Comminges. Ces carri\u00e8res, o\u00f9 r\u00e8gne une agr\u00e9able fraicheur en \u00e9t\u00e9, \u00e9taient d\u00e9j\u00e0 exploit\u00e9es un si\u00e8cle avant notre \u00e8re. Au mois de mai vous y d\u00e9couvrirez \u00e9galement de belles orchid\u00e9es qui poussent dans les pelouses s\u00e8ches alentours.<\/p>\n\n\n\n<figure class=\"wp-block-image size-large\"><a href=\"https:\/\/lefrechet.fr\/wp-content\/uploads\/2021\/01\/BELBEZE-009.jpg\" target=\"_blank\" rel=\"noopener\"><img loading=\"lazy\" decoding=\"async\" width=\"591\" height=\"394\" src=\"https:\/\/lefrechet.fr\/wp-content\/uploads\/2021\/01\/BELBEZE-009.jpg\" alt=\"\" class=\"wp-image-1322\" srcset=\"https:\/\/lefrechet.fr\/wp-content\/uploads\/2021\/01\/BELBEZE-009.jpg 591w, https:\/\/lefrechet.fr\/wp-content\/uploads\/2021\/01\/BELBEZE-009-300x200.jpg 300w, https:\/\/lefrechet.fr\/wp-content\/uploads\/2021\/01\/BELBEZE-009-140x93.jpg 140w\" sizes=\"auto, (max-width: 591px) 100vw, 591px\" \/><\/a><\/figure>\n\n\n\n<hr class=\"wp-block-separator is-style-wide\"\/>\n\n\n\n<p class=\"has-medium-font-size\"><strong>Martres Tolosane<\/strong><\/p>\n\n\n\n<p>A juste 8 km du Fr\u00e9chet, Martres Tolosane vous ravira gr\u00e2ce \u00e0 ses artisans fa\u00efenciers. Depuis le XVIII<sup>e<\/sup> si\u00e8cles cette industrie d&rsquo;art a fait la renomm\u00e9e de cette ville. Mais c&rsquo;est aussi ici, suite \u00e0 une crue de la Garonne de fut trouver la villa romaine Chiragan, consid\u00e9r\u00e9e comme une des villas les plus importantes d&rsquo;Europe. A ne pas rater \u00e9galement, la f\u00eate de la r\u00e9v\u00e9lation de Saint Vidian le dimanche apr\u00e8s la Pentec\u00f4te.<\/p>\n\n\n\n<figure class=\"wp-block-image size-large\"><a href=\"https:\/\/lefrechet.fr\/wp-content\/uploads\/2021\/01\/MARTRES-TOLOSANE-002.jpg\" target=\"_blank\" rel=\"noopener\"><img loading=\"lazy\" decoding=\"async\" width=\"591\" height=\"357\" src=\"https:\/\/lefrechet.fr\/wp-content\/uploads\/2021\/01\/MARTRES-TOLOSANE-002.jpg\" alt=\"\" class=\"wp-image-1323\" srcset=\"https:\/\/lefrechet.fr\/wp-content\/uploads\/2021\/01\/MARTRES-TOLOSANE-002.jpg 591w, https:\/\/lefrechet.fr\/wp-content\/uploads\/2021\/01\/MARTRES-TOLOSANE-002-300x181.jpg 300w, https:\/\/lefrechet.fr\/wp-content\/uploads\/2021\/01\/MARTRES-TOLOSANE-002-140x85.jpg 140w\" sizes=\"auto, (max-width: 591px) 100vw, 591px\" \/><\/a><\/figure>\n\n\n\n<hr class=\"wp-block-separator is-style-wide\"\/>\n\n\n\n<p class=\"has-medium-font-size\"><strong>Montmaurin \/ Lespugue<\/strong><\/p>\n\n\n\n<p>A 32 km du Fr\u00e9chet, vous pourrez visiter la villa gallo-romaine et son mus\u00e9e r\u00e9cemment ouvert. Mais pas que. En effet, vous \u00eates ici dans un haut lieu de la pr\u00e9histoire o\u00f9 une grotte des gorges de la Seygouade a livr\u00e9 en 1949 la c\u00e9l\u00e8bre mandibule de Montmaurin (environ 100 000 ans). Ou encore la d\u00e9couverte dans les gorges de la Save, \u00e0 Lespugue de la fameuse Venus de Lespugue, expos\u00e9e au Mus\u00e9e de l&rsquo;homme \u00e0 Paris.<\/p>\n\n\n\n<figure class=\"wp-block-image size-large\"><a href=\"https:\/\/lefrechet.fr\/wp-content\/uploads\/2021\/01\/MONTAURIN-004.jpg\" target=\"_blank\" rel=\"noopener\"><img loading=\"lazy\" decoding=\"async\" width=\"591\" height=\"394\" src=\"https:\/\/lefrechet.fr\/wp-content\/uploads\/2021\/01\/MONTAURIN-004.jpg\" alt=\"\" class=\"wp-image-1324\" srcset=\"https:\/\/lefrechet.fr\/wp-content\/uploads\/2021\/01\/MONTAURIN-004.jpg 591w, https:\/\/lefrechet.fr\/wp-content\/uploads\/2021\/01\/MONTAURIN-004-300x200.jpg 300w, https:\/\/lefrechet.fr\/wp-content\/uploads\/2021\/01\/MONTAURIN-004-140x93.jpg 140w\" sizes=\"auto, (max-width: 591px) 100vw, 591px\" \/><\/a><\/figure>\n\n\n\n<hr class=\"wp-block-separator is-style-wide\"\/>\n\n\n\n<p class=\"has-medium-font-size\"><strong>St Bertrand de Comminges<\/strong><\/p>\n\n\n\n<p>A 54 km du Fr\u00e9chet, Saint-Bertrand-de-Comminges fait partie des sites remarquables d&rsquo;Occitanie. Bien avant l&rsquo;arriv\u00e9e des Romains dans la r\u00e9gion, le lieu est occup\u00e9 par les Conv\u00e8nes (peuple ib\u00e9ro aquitain). Mais se qui fait aujourd&rsquo;hui, la renomm\u00e9e de Saint-Bertrand-de-Comminges est sans nul doute la cath\u00e9drale Notre-Dame. Cet \u00e9difice est \u00e9troitement li\u00e9 \u00e0 Bertrand de Got, \u00e9v\u00eaque de Comminges, plus conn\u00fbt sous son nom de 1er pape \u00e0 Avignon : Cl\u00e9ment V. C&rsquo;est lui qui transportera \u00e0 la cath\u00e9drale les reliques de Saint Bertrand, faisant de la ville un centre de p\u00e8lerinage sur la route de Saint-Jacques-de-Compostelle&#8230;<\/p>\n\n\n\n<figure class=\"wp-block-image size-large\"><a href=\"https:\/\/lefrechet.fr\/wp-content\/uploads\/2021\/01\/ST-BERTRAND-008.jpg\" target=\"_blank\" rel=\"noopener\"><img loading=\"lazy\" decoding=\"async\" width=\"591\" height=\"332\" src=\"https:\/\/lefrechet.fr\/wp-content\/uploads\/2021\/01\/ST-BERTRAND-008.jpg\" alt=\"\" class=\"wp-image-1325\" srcset=\"https:\/\/lefrechet.fr\/wp-content\/uploads\/2021\/01\/ST-BERTRAND-008.jpg 591w, https:\/\/lefrechet.fr\/wp-content\/uploads\/2021\/01\/ST-BERTRAND-008-300x169.jpg 300w, https:\/\/lefrechet.fr\/wp-content\/uploads\/2021\/01\/ST-BERTRAND-008-140x79.jpg 140w\" sizes=\"auto, (max-width: 591px) 100vw, 591px\" \/><\/a><\/figure>\n\n\n\n<p><\/p>\n","protected":false},"excerpt":{"rendered":"<p>Venir au Fr\u00e9chet, s&rsquo;y loger, y s\u00e9journer est aussi l&rsquo;occasion d&rsquo;explorer le Comminges. Un territoire qui vous am\u00e8nera des coteaux calcaires des Petites Pyr\u00e9n\u00e9es, jusqu&rsquo;aux Pyr\u00e9n\u00e9es Hautes-Garonnaises. Un site entier&hellip;<\/p>\n","protected":false},"author":2,"featured_media":0,"parent":0,"menu_order":0,"comment_status":"closed","ping_status":"closed","template":"page-templates\/fullwidth.php","meta":{"footnotes":""},"class_list":["post-887","page","type-page","status-publish","hentry"],"_links":{"self":[{"href":"https:\/\/lefrechet.fr\/index.php?rest_route=\/wp\/v2\/pages\/887","targetHints":{"allow":["GET"]}}],"collection":[{"href":"https:\/\/lefrechet.fr\/index.php?rest_route=\/wp\/v2\/pages"}],"about":[{"href":"https:\/\/lefrechet.fr\/index.php?rest_route=\/wp\/v2\/types\/page"}],"author":[{"embeddable":true,"href":"https:\/\/lefrechet.fr\/index.php?rest_route=\/wp\/v2\/users\/2"}],"replies":[{"embeddable":true,"href":"https:\/\/lefrechet.fr\/index.php?rest_route=%2Fwp%2Fv2%2Fcomments&post=887"}],"version-history":[{"count":23,"href":"https:\/\/lefrechet.fr\/index.php?rest_route=\/wp\/v2\/pages\/887\/revisions"}],"predecessor-version":[{"id":2671,"href":"https:\/\/lefrechet.fr\/index.php?rest_route=\/wp\/v2\/pages\/887\/revisions\/2671"}],"wp:attachment":[{"href":"https:\/\/lefrechet.fr\/index.php?rest_route=%2Fwp%2Fv2%2Fmedia&parent=887"}],"curies":[{"name":"wp","href":"https:\/\/api.w.org\/{rel}","templated":true}]}}