{"id":57,"date":"2021-01-14T22:23:24","date_gmt":"2021-01-14T21:23:24","guid":{"rendered":"http:\/\/lefrechet.fr\/?page_id=57"},"modified":"2025-09-09T20:32:20","modified_gmt":"2025-09-09T18:32:20","slug":"conseil-municipal","status":"publish","type":"page","link":"https:\/\/lefrechet.fr\/?page_id=57","title":{"rendered":"Conseil Municipal"},"content":{"rendered":"\n<p class=\"has-medium-font-size\"><strong>Le mot de Mr le Maire<\/strong><\/p>\n\n\n\n<p>&lsquo;<em>La Commune de Le Fr\u00e9chet est riche d&rsquo;un patrimoine historique et naturel. Cet h\u00e9ritage nous a \u00e9t\u00e9 transmis par les habitants qui nous ont pr\u00e9c\u00e9d\u00e9s depuis plusieurs si\u00e8cles. Il en va de notre responsabilit\u00e9 de prot\u00e9ger cette richesse pour la transmettre \u00e0 notre tour. Mais aussi de faire \u00e9voluer notre village sans d\u00e9naturer cet esprit d&rsquo;\u00e9quilibre entre les activit\u00e9s humaines et un environnement naturel prot\u00e9g\u00e9.<\/em><\/p>\n\n\n\n<p><em>Chaque jour, chaque ann\u00e9e, chacun d&rsquo;entre nous continu \u00e0 \u00e9crire l&rsquo;histoire de Le Fr\u00e9chet. Lorsque nous ne serons plus, le village sera toujours et \u00e0 travers lui subsistera notre souvenir. Agissons ensemble pour faire du village un lieu agr\u00e9able et accueillant o\u00f9 il fait bon vivre.<\/em>&lsquo;<\/p>\n\n\n\n<h2 class=\"wp-block-heading\" id=\"conseillers-municipaux-de-la-mairie-de-le-frechet\">Conseillers municipaux de la mairie de Le Fr\u00e9chet<\/h2>\n\n\n\n<p>Au 1 Janvier 2025, le village de Le Fr\u00e9chet est administr\u00e9 par Fr\u00e9d\u00e9ric LAVAIL, Maire de la Commune depuis 2014, Andr\u00e9 Fidanza, 1er Adjoint et 5 Conseillers Municipaux.<\/p>\n\n\n\n<figure class=\"wp-block-table aligncenter is-style-regular\"><table><thead><tr><th class=\"has-text-align-center\" data-align=\"center\">Nom &amp; pr\u00e9nom<\/th><th>Profession<\/th><th>Commission<\/th><\/tr><\/thead><tbody><tr><td class=\"has-text-align-center\" data-align=\"center\">Malcolm-Paul BLAKOE<\/td><td>Ancien cadre (retrait\u00e9)<\/td><td>Services Techniques. D\u00e9l\u00e9gu\u00e9 du SDEHG<\/td><\/tr><tr><td class=\"has-text-align-center\" data-align=\"center\">Jacques DUBOIS<\/td><td>Profession interm\u00e9diaire de la sant\u00e9 et du travail social (retrait\u00e9)<\/td><td>Projets de T\u00e9rritoire<\/td><\/tr><tr><td class=\"has-text-align-center\" data-align=\"center\">Marjorie FERRANDI<\/td><td>Cadre administratif et commercial d&rsquo;entreprise<\/td><td>Ressources Humaines. Services aux Communes<\/td><\/tr><tr><td class=\"has-text-align-center\" data-align=\"center\">Andr\u00e9 FIDANZA<br><strong>(Premier adjoint au maire)<\/strong><\/td><td>Employ\u00e9 civil et agent de service de la fonction publique<\/td><td>Syndicat des Eaux de la Barousse, SICASMIR<\/td><\/tr><tr><td class=\"has-text-align-center\" data-align=\"center\">C\u00e9line FONTEBASSO<\/td><td>Cadre de la fonction publique<\/td><td>Services \u00e0 la Personne, SICASMIR<\/td><\/tr><tr><td class=\"has-text-align-center\" data-align=\"center\">Pierre LACOSTE<\/td><td>Agriculteur\/\u00e9leveur<\/td><td><\/td><\/tr><tr><td class=\"has-text-align-center\" data-align=\"center\">Fr\u00e9d\u00e9ric LAVAIL<br><strong>(Maire)<\/strong><\/td><td>Profession lib\u00e9rale<\/td><td>Conseiller Communautaire<br>D\u00e9veloppement Economique. Environnement, plan climat, biodiversit\u00e9. Services aux Communes. Cadre de Vie. Agriculture, For\u00eats, Urbanisme. D\u00e9l\u00e9gu\u00e9 du SDEHG<\/td><\/tr><tr><td class=\"has-text-align-center\" data-align=\"center\">Alain WOILRAND<\/td><td>Pompier retrait\u00e9<\/td><td>Sports. Syndicat des Eaux de la Barousse<\/td><\/tr><\/tbody><\/table><\/figure>\n\n\n\n<hr class=\"wp-block-separator has-alpha-channel-opacity\"\/>\n\n\n<div class=\"wp-block-image\">\n<figure class=\"aligncenter size-large is-resized\"><a href=\"https:\/\/lefrechet.fr\/wp-content\/uploads\/2021\/01\/LE-FRECHET-017-1.jpg\" target=\"_blank\" rel=\"noopener\"><img loading=\"lazy\" decoding=\"async\" width=\"850\" height=\"478\" src=\"http:\/\/lefrechet.fr\/wp-content\/uploads\/2021\/01\/LE-FRECHET-017-1.jpg\" alt=\"\" class=\"wp-image-323\" style=\"width:1083px;height:608px\" srcset=\"https:\/\/lefrechet.fr\/wp-content\/uploads\/2021\/01\/LE-FRECHET-017-1.jpg 850w, https:\/\/lefrechet.fr\/wp-content\/uploads\/2021\/01\/LE-FRECHET-017-1-300x169.jpg 300w, https:\/\/lefrechet.fr\/wp-content\/uploads\/2021\/01\/LE-FRECHET-017-1-768x432.jpg 768w, https:\/\/lefrechet.fr\/wp-content\/uploads\/2021\/01\/LE-FRECHET-017-1-140x79.jpg 140w\" sizes=\"auto, (max-width: 850px) 100vw, 850px\" \/><\/a><\/figure>\n<\/div>\n\n\n<p><\/p>\n","protected":false},"excerpt":{"rendered":"<p>Le mot de Mr le Maire &lsquo;La Commune de Le Fr\u00e9chet est riche d&rsquo;un patrimoine historique et naturel. Cet h\u00e9ritage nous a \u00e9t\u00e9 transmis par les habitants qui nous ont&hellip;<\/p>\n","protected":false},"author":2,"featured_media":0,"parent":0,"menu_order":0,"comment_status":"closed","ping_status":"closed","template":"page-templates\/fullwidth.php","meta":{"footnotes":""},"class_list":["post-57","page","type-page","status-publish","hentry"],"_links":{"self":[{"href":"https:\/\/lefrechet.fr\/index.php?rest_route=\/wp\/v2\/pages\/57","targetHints":{"allow":["GET"]}}],"collection":[{"href":"https:\/\/lefrechet.fr\/index.php?rest_route=\/wp\/v2\/pages"}],"about":[{"href":"https:\/\/lefrechet.fr\/index.php?rest_route=\/wp\/v2\/types\/page"}],"author":[{"embeddable":true,"href":"https:\/\/lefrechet.fr\/index.php?rest_route=\/wp\/v2\/users\/2"}],"replies":[{"embeddable":true,"href":"https:\/\/lefrechet.fr\/index.php?rest_route=%2Fwp%2Fv2%2Fcomments&post=57"}],"version-history":[{"count":68,"href":"https:\/\/lefrechet.fr\/index.php?rest_route=\/wp\/v2\/pages\/57\/revisions"}],"predecessor-version":[{"id":3358,"href":"https:\/\/lefrechet.fr\/index.php?rest_route=\/wp\/v2\/pages\/57\/revisions\/3358"}],"wp:attachment":[{"href":"https:\/\/lefrechet.fr\/index.php?rest_route=%2Fwp%2Fv2%2Fmedia&parent=57"}],"curies":[{"name":"wp","href":"https:\/\/api.w.org\/{rel}","templated":true}]}}