{"id":49,"date":"2021-01-14T22:17:49","date_gmt":"2021-01-14T21:17:49","guid":{"rendered":"http:\/\/lefrechet.fr\/?page_id=49"},"modified":"2022-05-25T16:41:43","modified_gmt":"2022-05-25T14:41:43","slug":"contact","status":"publish","type":"page","link":"https:\/\/lefrechet.fr\/?page_id=49","title":{"rendered":"Contacts"},"content":{"rendered":"\n<div class=\"wp-block-group\"><div class=\"wp-block-group__inner-container is-layout-flow wp-block-group-is-layout-flow\">\n<div class=\"wp-block-group\"><div class=\"wp-block-group__inner-container is-layout-flow wp-block-group-is-layout-flow\">\n<figure class=\"wp-block-table\"><table class=\"has-background\" style=\"background-color:#f3f4f5\"><tbody><tr><td><strong>Coordonn\u00e9es de la Mairie de Le Fr\u00e9chet<\/strong><\/td><\/tr><\/tbody><\/table><\/figure>\n\n\n\n<figure class=\"wp-block-table\"><table class=\"has-background\" style=\"background-color:#f3f4f5\"><tbody><tr><td>Adresse<\/td><td>Rue de la Fa\u00efencerie<\/td><\/tr><tr><td>Code Postal<\/td><td>31360<\/td><\/tr><tr><td>Commune \/ Ville<\/td><td>Le Fr\u00e9chet<\/td><\/tr><tr><td>Num\u00e9ro de t\u00e9l\u00e9phone<\/td><td>05 61 90 05 43<\/td><\/tr><tr><td>Num\u00e9ro de M. Le Maire<br>(<span class=\"has-inline-color has-vivid-red-color\">Urgence uniquement<\/span>)<\/td><td>06 79 94 79 70<\/td><\/tr><tr><td>Adresse Mail<\/td><td><a rel=\"noreferrer noopener\" href=\"mailto:mairiedufrechet@wanadoo.fr\" target=\"_blank\">mairiedufrechet@wanadoo.fr<\/a><\/td><\/tr><\/tbody><\/table><\/figure>\n\n\n\n<figure class=\"wp-block-table\"><table><thead><tr><th>Heures d&rsquo;ouverture du&nbsp;samedi<\/th><\/tr><tr><th>Heure d&rsquo;ouverture<\/th><th>Heure de fermeture<\/th><\/tr><\/thead><tbody><tr><td>10:00<\/td><td>12:00<\/td><\/tr><\/tbody><\/table><\/figure>\n\n\n\n<figure class=\"wp-block-table\"><table><thead><tr><th>Heures d&rsquo;ouverture du&nbsp;mercredi<\/th><\/tr><tr><th>Heure d&rsquo;ouverture<\/th><th>Heure de fermeture<\/th><\/tr><\/thead><tbody><tr><td>09:00<\/td><td>12:00<\/td><\/tr><\/tbody><\/table><\/figure>\n\n\n\n<hr class=\"wp-block-separator\" id=\"block-312b73e3-232c-4233-b129-eda183528a37\"\/>\n\n\n\n<p id=\"block-37cda1cd-7910-4991-96d8-771e971ac605\">pour toutes les autres questions, veuillez adresser vos demandes \u00e0 la Mairie, aux horaires d&rsquo;ouverture.<\/p>\n\n\n\n<hr class=\"wp-block-separator has-css-opacity\"\/>\n<\/div><\/div>\n<\/div><\/div>\n\n\n\n<iframe loading=\"lazy\" width=\"1330\" height=\"705\" frameborder=\"0\" scrolling=\"no\" marginheight=\"0\" marginwidth=\"0\" id=\"gmap_canvas\" src=\"https:\/\/maps.google.com\/maps?width=1330&amp;height=705&amp;hl=en&amp;q=%20le%20frechet+()&amp;t=p&amp;z=13&amp;ie=UTF8&amp;iwloc=B&amp;output=embed\"><\/iframe> <a href=\"http:\/\/maps-generator.com\/fr\">Information<\/a> <script type=\"text\/javascript\" src=\"https:\/\/embedmaps.com\/google-maps-authorization\/script.js?id=d23f4d4735d7d782dbf71339218cbd3ee55f5b47\"><\/script>\n","protected":false},"excerpt":{"rendered":"<p>Coordonn\u00e9es de la Mairie de Le Fr\u00e9chet Adresse Rue de la Fa\u00efencerie Code Postal 31360 Commune \/ Ville Le Fr\u00e9chet Num\u00e9ro de t\u00e9l\u00e9phone 05 61 90 05 43 Num\u00e9ro de&hellip;<\/p>\n","protected":false},"author":2,"featured_media":0,"parent":0,"menu_order":0,"comment_status":"closed","ping_status":"closed","template":"page-templates\/homepage-widgets-page.php","meta":{"footnotes":""},"class_list":["post-49","page","type-page","status-publish","hentry"],"_links":{"self":[{"href":"https:\/\/lefrechet.fr\/index.php?rest_route=\/wp\/v2\/pages\/49","targetHints":{"allow":["GET"]}}],"collection":[{"href":"https:\/\/lefrechet.fr\/index.php?rest_route=\/wp\/v2\/pages"}],"about":[{"href":"https:\/\/lefrechet.fr\/index.php?rest_route=\/wp\/v2\/types\/page"}],"author":[{"embeddable":true,"href":"https:\/\/lefrechet.fr\/index.php?rest_route=\/wp\/v2\/users\/2"}],"replies":[{"embeddable":true,"href":"https:\/\/lefrechet.fr\/index.php?rest_route=%2Fwp%2Fv2%2Fcomments&post=49"}],"version-history":[{"count":25,"href":"https:\/\/lefrechet.fr\/index.php?rest_route=\/wp\/v2\/pages\/49\/revisions"}],"predecessor-version":[{"id":2714,"href":"https:\/\/lefrechet.fr\/index.php?rest_route=\/wp\/v2\/pages\/49\/revisions\/2714"}],"wp:attachment":[{"href":"https:\/\/lefrechet.fr\/index.php?rest_route=%2Fwp%2Fv2%2Fmedia&parent=49"}],"curies":[{"name":"wp","href":"https:\/\/api.w.org\/{rel}","templated":true}]}}