{"id":464,"date":"2021-01-16T19:30:33","date_gmt":"2021-01-16T18:30:33","guid":{"rendered":"https:\/\/lefrechet.fr\/?page_id=464"},"modified":"2025-09-10T13:04:27","modified_gmt":"2025-09-10T11:04:27","slug":"sante-2","status":"publish","type":"page","link":"https:\/\/lefrechet.fr\/?page_id=464","title":{"rendered":"Sant\u00e9"},"content":{"rendered":"\n<p><strong>Centre de sant\u00e9 de SAINT-MARTORY<\/strong><\/p>\n\n\n\n<p>17 Rue Des \u00c9coles 31360 SAINT-MARTORY<\/p>\n\n\n\n<p>Tel : 05 32 44 00 12<\/p>\n\n\n\n<hr class=\"wp-block-separator has-css-opacity is-style-wide\"\/>\n\n\n\n<p><strong>Centre m\u00e9dical de SALIES DU SALAT<\/strong><\/p>\n\n\n\n<p>4A Boulevard du Sel 31260 SALIES DU SALAT<\/p>\n\n\n\n<p>Tel : 05 61 90 55 34<\/p>\n\n\n\n<hr class=\"wp-block-separator has-css-opacity is-style-wide\"\/>\n\n\n\n<p><strong>Centre de sant\u00e9 d\u2019ASPET<\/strong><\/p>\n\n\n\n<p>Bourras Pont Neuf 31160 ASPET<\/p>\n\n\n\n<p>Tel : 05 61 88 40 14<\/p>\n\n\n\n<hr class=\"wp-block-separator has-css-opacity is-style-wide\"\/>\n\n\n\n<p><strong>Maison de sant\u00e9 des terres d&rsquo;Aurignac &nbsp;<\/strong><\/p>\n\n\n\n<p>5 Chemin Font Vieille<\/p>\n\n\n\n<p>Tel : 05 62 01 38 37<\/p>\n\n\n\n<hr class=\"wp-block-separator has-css-opacity is-style-wide\"\/>\n\n\n\n<p><a href=\"https:\/\/www.doctolib.fr\/\" data-type=\"URL\" data-id=\"https:\/\/www.doctolib.fr\/\" target=\"_blank\" rel=\"noreferrer noopener\">R\u00e9pertoire Professionnels de sant\u00e9 DOCTOLIB<\/a><\/p>\n\n\n\n<hr class=\"wp-block-separator has-css-opacity is-style-wide\"\/>\n\n\n\n<p><strong>Centre Hospitalier Comminges Pyr\u00e9n\u00e9es (Saint Gaudens) : 05 62 00 40 00<\/strong><\/p>\n\n\n\n<p><strong>Site internet :<\/strong> <a href=\"https:\/\/www.ch-saintgaudens.fr\/chcp17\/index.php\/fr\/\">https:\/\/www.ch-saintgaudens.fr\/chcp17\/index.php\/fr\/<\/a><\/p>\n\n\n\n<hr class=\"wp-block-separator has-alpha-channel-opacity\"\/>\n\n\n\n<div class=\"wp-block-buttons is-layout-flex wp-block-buttons-is-layout-flex\"><\/div>\n\n\n\n<p class=\"has-large-font-size\"><strong>Num\u00e9ros d&rsquo;urgence :<\/strong><\/p>\n\n\n\n<p><strong>SAMU (Service d&rsquo;Aide M\u00e9dicale Urgente)<\/strong> : <strong>15<\/strong><\/p>\n\n\n\n<p><strong>POMPIERS<\/strong> <strong>: 18<\/strong><\/p>\n\n\n\n<div class=\"wp-block-buttons is-layout-flex wp-block-buttons-is-layout-flex\"><\/div>\n","protected":false},"excerpt":{"rendered":"<p>Centre de sant\u00e9 de SAINT-MARTORY 17 Rue Des \u00c9coles 31360 SAINT-MARTORY Tel : 05 32 44 00 12 Centre m\u00e9dical de SALIES DU SALAT 4A Boulevard du Sel 31260 SALIES&hellip;<\/p>\n","protected":false},"author":2,"featured_media":0,"parent":0,"menu_order":0,"comment_status":"closed","ping_status":"closed","template":"page-templates\/fullwidth.php","meta":{"footnotes":""},"class_list":["post-464","page","type-page","status-publish","hentry"],"_links":{"self":[{"href":"https:\/\/lefrechet.fr\/index.php?rest_route=\/wp\/v2\/pages\/464","targetHints":{"allow":["GET"]}}],"collection":[{"href":"https:\/\/lefrechet.fr\/index.php?rest_route=\/wp\/v2\/pages"}],"about":[{"href":"https:\/\/lefrechet.fr\/index.php?rest_route=\/wp\/v2\/types\/page"}],"author":[{"embeddable":true,"href":"https:\/\/lefrechet.fr\/index.php?rest_route=\/wp\/v2\/users\/2"}],"replies":[{"embeddable":true,"href":"https:\/\/lefrechet.fr\/index.php?rest_route=%2Fwp%2Fv2%2Fcomments&post=464"}],"version-history":[{"count":20,"href":"https:\/\/lefrechet.fr\/index.php?rest_route=\/wp\/v2\/pages\/464\/revisions"}],"predecessor-version":[{"id":3374,"href":"https:\/\/lefrechet.fr\/index.php?rest_route=\/wp\/v2\/pages\/464\/revisions\/3374"}],"wp:attachment":[{"href":"https:\/\/lefrechet.fr\/index.php?rest_route=%2Fwp%2Fv2%2Fmedia&parent=464"}],"curies":[{"name":"wp","href":"https:\/\/api.w.org\/{rel}","templated":true}]}}