{"id":40,"date":"2021-01-14T22:08:37","date_gmt":"2021-01-14T21:08:37","guid":{"rendered":"http:\/\/lefrechet.fr\/?page_id=40"},"modified":"2025-10-12T22:33:54","modified_gmt":"2025-10-12T20:33:54","slug":"acceuil","status":"publish","type":"page","link":"https:\/\/lefrechet.fr\/","title":{"rendered":"Bienvenue \u00e0 Le Fr\u00e9chet"},"content":{"rendered":"\n<p><strong>LE FRECHET, Village du Comminges<\/strong>.<\/p>\n\n\n\n<p>Bienvenue sur le site officiel de la Commune de Le Fr\u00e9chet. Petit village du sud-ouest de la France, situ\u00e9 \u00e0 65 km au sud de l&rsquo;agglom\u00e9ration toulousaine, dans le d\u00e9partement de la <strong>Haute-Garonne<\/strong> et la <strong>R\u00e9gion Occitanie<\/strong>.<\/p>\n\n\n\n<p>Ce site s&rsquo;adresse autant aux habitants du village qu&rsquo;aux personnes ext\u00e9rieures.<\/p>\n\n\n\n<p>Vous y trouverez toutes les informations sur la vie du village et son administration. Mais \u00e9galement les d\u00e9marches \u00e0 suivre pour faire construire, refaire une carte d&rsquo;identit\u00e9, trouver un m\u00e9decin et tous les liens utiles \u00e0 la vie quotidienne&#8230;<\/p>\n\n\n\n<p>Bien s\u00fbr il sera largement question de l&rsquo;histoire et des particularit\u00e9s du village. Son patrimoine historique, la richesse de sa biodiversit\u00e9, et quelques pistes pour explorer le Comminges.<\/p>\n\n\n\n<p>Vous \u00eates en vacances ou simplement de passage, notre village de dimension familiale, vous accueille toute l&rsquo;ann\u00e9e, et vous offre un cadre naturel pr\u00e9serv\u00e9 \u00e0 seulement 7 minutes de A64, qui relie Toulouse \u00e0 Bayonne.<\/p>\n\n\n\n<p>Vous pourrez gr\u00e2ce aux pages &lsquo;<a href=\"https:\/\/lefrechet.fr\/?page_id=887\" data-type=\"page\" data-id=\"887\">loisirs et d\u00e9couvertes<\/a>&lsquo;, trouver un <a href=\"https:\/\/lefrechet.fr\/?page_id=208\" data-type=\"page\" data-id=\"208\">h\u00e9bergement <\/a>sur la Commune, mais aussi acc\u00e9der aux contacts des diff\u00e9rents offices de tourisme.<\/p>\n\n\n\n<p>Bonne navigation et \u00e0 bient\u00f4t au Fr\u00e9chet&#8230;<\/p>\n\n\n\n<figure class=\"wp-block-image size-large\"><a href=\"https:\/\/lefrechet.fr\/wp-content\/uploads\/2021\/01\/LE-FRECHET-005-4.jpg\" target=\"_blank\" rel=\"noopener\"><img loading=\"lazy\" decoding=\"async\" width=\"756\" height=\"425\" src=\"https:\/\/lefrechet.fr\/wp-content\/uploads\/2021\/01\/LE-FRECHET-005-4.jpg\" alt=\"\" class=\"wp-image-600\" srcset=\"https:\/\/lefrechet.fr\/wp-content\/uploads\/2021\/01\/LE-FRECHET-005-4.jpg 756w, https:\/\/lefrechet.fr\/wp-content\/uploads\/2021\/01\/LE-FRECHET-005-4-300x169.jpg 300w, https:\/\/lefrechet.fr\/wp-content\/uploads\/2021\/01\/LE-FRECHET-005-4-140x79.jpg 140w\" sizes=\"auto, (max-width: 756px) 100vw, 756px\" \/><\/a><\/figure>\n\n\n\n<figure class=\"wp-block-image size-large\"><a href=\"https:\/\/lefrechet.fr\/wp-content\/uploads\/2021\/01\/carte-postale-3.jpg\" target=\"_blank\" rel=\"noopener\"><img loading=\"lazy\" decoding=\"async\" width=\"950\" height=\"608\" src=\"https:\/\/lefrechet.fr\/wp-content\/uploads\/2021\/01\/carte-postale-3.jpg\" alt=\"\" class=\"wp-image-512\" srcset=\"https:\/\/lefrechet.fr\/wp-content\/uploads\/2021\/01\/carte-postale-3.jpg 950w, https:\/\/lefrechet.fr\/wp-content\/uploads\/2021\/01\/carte-postale-3-300x192.jpg 300w, https:\/\/lefrechet.fr\/wp-content\/uploads\/2021\/01\/carte-postale-3-768x492.jpg 768w, https:\/\/lefrechet.fr\/wp-content\/uploads\/2021\/01\/carte-postale-3-140x90.jpg 140w\" sizes=\"auto, (max-width: 950px) 100vw, 950px\" \/><\/a><\/figure>\n","protected":false},"excerpt":{"rendered":"<p>LE FRECHET, Village du Comminges. Bienvenue sur le site officiel de la Commune de Le Fr\u00e9chet. Petit village du sud-ouest de la France, situ\u00e9 \u00e0 65 km au sud de&hellip;<\/p>\n","protected":false},"author":2,"featured_media":0,"parent":0,"menu_order":0,"comment_status":"closed","ping_status":"closed","template":"","meta":{"footnotes":""},"class_list":["post-40","page","type-page","status-publish","hentry"],"_links":{"self":[{"href":"https:\/\/lefrechet.fr\/index.php?rest_route=\/wp\/v2\/pages\/40","targetHints":{"allow":["GET"]}}],"collection":[{"href":"https:\/\/lefrechet.fr\/index.php?rest_route=\/wp\/v2\/pages"}],"about":[{"href":"https:\/\/lefrechet.fr\/index.php?rest_route=\/wp\/v2\/types\/page"}],"author":[{"embeddable":true,"href":"https:\/\/lefrechet.fr\/index.php?rest_route=\/wp\/v2\/users\/2"}],"replies":[{"embeddable":true,"href":"https:\/\/lefrechet.fr\/index.php?rest_route=%2Fwp%2Fv2%2Fcomments&post=40"}],"version-history":[{"count":31,"href":"https:\/\/lefrechet.fr\/index.php?rest_route=\/wp\/v2\/pages\/40\/revisions"}],"predecessor-version":[{"id":3389,"href":"https:\/\/lefrechet.fr\/index.php?rest_route=\/wp\/v2\/pages\/40\/revisions\/3389"}],"wp:attachment":[{"href":"https:\/\/lefrechet.fr\/index.php?rest_route=%2Fwp%2Fv2%2Fmedia&parent=40"}],"curies":[{"name":"wp","href":"https:\/\/api.w.org\/{rel}","templated":true}]}}