{"id":208,"date":"2021-01-15T12:31:40","date_gmt":"2021-01-15T11:31:40","guid":{"rendered":"http:\/\/lefrechet.fr\/?page_id=208"},"modified":"2021-01-24T14:03:47","modified_gmt":"2021-01-24T13:03:47","slug":"gites-de-france","status":"publish","type":"page","link":"https:\/\/lefrechet.fr\/?page_id=208","title":{"rendered":"H\u00e9bergements"},"content":{"rendered":"\n<p><\/p>\n\n\n\n<p style=\"font-size:28px\"><strong>G\u00eete &lsquo;le Hameau des ch\u00eanes<\/strong>&lsquo;<\/p>\n\n\n\n<p class=\"has-medium-font-size\"><strong>Jocelyne Cussol<\/strong><\/p>\n\n\n\n<p>Gites Ruraux<\/p>\n\n\n\n<p>31360 LE FRECHET<\/p>\n\n\n\n<p><strong>05 61 90 61 63<\/strong><\/p>\n\n\n\n<p><strong>mel :&nbsp;<a href=\"https:\/\/webmail1j.orange.fr\/webmail\/fr_FR\/read.html?FOLDER=SF_OUTBOX&amp;IDMSG=8515&amp;check=&amp;SORTBY=1#\" target=\"_blank\" rel=\"noreferrer noopener\">auhameau@yahoo.fr<\/a><\/strong><\/p>\n\n\n\n<p><strong>Ta\u00ef Chi, Chi Gong, M\u00e9ditation et divers stages<\/strong><\/p>\n\n\n\n<p><\/p>\n\n\n\n<div class=\"wp-block-buttons is-layout-flex wp-block-buttons-is-layout-flex\">\n<div class=\"wp-block-button is-style-outline is-style-outline--1\"><a class=\"wp-block-button__link has-white-color has-blush-bordeaux-gradient-background has-text-color has-background\" href=\"https:\/\/sites.google.com\/site\/auhameaudeschenes\/\" target=\"_blank\" rel=\"noreferrer noopener\">reserver<\/a><\/div>\n<\/div>\n\n\n\n<figure class=\"wp-block-gallery columns-2 is-cropped wp-block-gallery-2 is-layout-flex wp-block-gallery-is-layout-flex\"><ul class=\"blocks-gallery-grid\"><li class=\"blocks-gallery-item\"><figure><a href=\"http:\/\/lefrechet.fr\/wp-content\/uploads\/2021\/01\/39905_328632.jpg\"><img loading=\"lazy\" decoding=\"async\" width=\"500\" height=\"375\" src=\"http:\/\/lefrechet.fr\/wp-content\/uploads\/2021\/01\/39905_328632.jpg\" alt=\"\" data-id=\"315\" data-full-url=\"http:\/\/lefrechet.fr\/wp-content\/uploads\/2021\/01\/39905_328632.jpg\" data-link=\"http:\/\/lefrechet.fr\/?attachment_id=315\" class=\"wp-image-315\" srcset=\"https:\/\/lefrechet.fr\/wp-content\/uploads\/2021\/01\/39905_328632.jpg 500w, https:\/\/lefrechet.fr\/wp-content\/uploads\/2021\/01\/39905_328632-300x225.jpg 300w, https:\/\/lefrechet.fr\/wp-content\/uploads\/2021\/01\/39905_328632-140x105.jpg 140w\" sizes=\"auto, (max-width: 500px) 100vw, 500px\" \/><\/a><\/figure><\/li><li class=\"blocks-gallery-item\"><figure><a href=\"http:\/\/lefrechet.fr\/wp-content\/uploads\/2021\/01\/39905_328635.jpg\"><img loading=\"lazy\" decoding=\"async\" width=\"500\" height=\"375\" src=\"http:\/\/lefrechet.fr\/wp-content\/uploads\/2021\/01\/39905_328635.jpg\" alt=\"\" data-id=\"316\" data-full-url=\"http:\/\/lefrechet.fr\/wp-content\/uploads\/2021\/01\/39905_328635.jpg\" data-link=\"http:\/\/lefrechet.fr\/?attachment_id=316\" class=\"wp-image-316\" srcset=\"https:\/\/lefrechet.fr\/wp-content\/uploads\/2021\/01\/39905_328635.jpg 500w, https:\/\/lefrechet.fr\/wp-content\/uploads\/2021\/01\/39905_328635-300x225.jpg 300w, https:\/\/lefrechet.fr\/wp-content\/uploads\/2021\/01\/39905_328635-140x105.jpg 140w\" sizes=\"auto, (max-width: 500px) 100vw, 500px\" \/><\/a><\/figure><\/li><\/ul><\/figure>\n\n\n\n<p><\/p>\n\n\n\n<p style=\"font-size:28px\"><strong>G\u00eete &lsquo;La Bourdette&rsquo;<\/strong><\/p>\n\n\n\n<div class=\"wp-block-buttons is-layout-flex wp-block-buttons-is-layout-flex\">\n<div class=\"wp-block-button is-style-outline is-style-outline--3\"><a class=\"wp-block-button__link has-white-color has-blush-bordeaux-gradient-background has-text-color has-background\" href=\"https:\/\/gitelabourdette.wordpress.com\/\" target=\"_blank\" rel=\"noreferrer noopener\">reserver<\/a><\/div>\n<\/div>\n\n\n\n<figure class=\"wp-block-gallery columns-2 is-cropped wp-block-gallery-4 is-layout-flex wp-block-gallery-is-layout-flex\"><ul class=\"blocks-gallery-grid\"><li class=\"blocks-gallery-item\"><figure><a href=\"http:\/\/lefrechet.fr\/wp-content\/uploads\/2021\/01\/http-www.gho_.fr-81-rwrgf31-album-autre-C0000409.jpg\"><img loading=\"lazy\" decoding=\"async\" width=\"500\" height=\"350\" src=\"http:\/\/lefrechet.fr\/wp-content\/uploads\/2021\/01\/http-www.gho_.fr-81-rwrgf31-album-autre-C0000409.jpg\" alt=\"\" data-id=\"318\" data-full-url=\"http:\/\/lefrechet.fr\/wp-content\/uploads\/2021\/01\/http-www.gho_.fr-81-rwrgf31-album-autre-C0000409.jpg\" data-link=\"http:\/\/lefrechet.fr\/?attachment_id=318\" class=\"wp-image-318\" srcset=\"https:\/\/lefrechet.fr\/wp-content\/uploads\/2021\/01\/http-www.gho_.fr-81-rwrgf31-album-autre-C0000409.jpg 500w, https:\/\/lefrechet.fr\/wp-content\/uploads\/2021\/01\/http-www.gho_.fr-81-rwrgf31-album-autre-C0000409-300x210.jpg 300w, https:\/\/lefrechet.fr\/wp-content\/uploads\/2021\/01\/http-www.gho_.fr-81-rwrgf31-album-autre-C0000409-140x98.jpg 140w\" sizes=\"auto, (max-width: 500px) 100vw, 500px\" \/><\/a><\/figure><\/li><li class=\"blocks-gallery-item\"><figure><a href=\"http:\/\/lefrechet.fr\/wp-content\/uploads\/2021\/01\/http-www.gho_.fr-81-rwrgf31-photos-jpg-GR-C0000409.jpg\"><img loading=\"lazy\" decoding=\"async\" width=\"500\" height=\"350\" src=\"http:\/\/lefrechet.fr\/wp-content\/uploads\/2021\/01\/http-www.gho_.fr-81-rwrgf31-photos-jpg-GR-C0000409.jpg\" alt=\"\" data-id=\"319\" data-full-url=\"http:\/\/lefrechet.fr\/wp-content\/uploads\/2021\/01\/http-www.gho_.fr-81-rwrgf31-photos-jpg-GR-C0000409.jpg\" data-link=\"http:\/\/lefrechet.fr\/?attachment_id=319\" class=\"wp-image-319\" srcset=\"https:\/\/lefrechet.fr\/wp-content\/uploads\/2021\/01\/http-www.gho_.fr-81-rwrgf31-photos-jpg-GR-C0000409.jpg 500w, https:\/\/lefrechet.fr\/wp-content\/uploads\/2021\/01\/http-www.gho_.fr-81-rwrgf31-photos-jpg-GR-C0000409-300x210.jpg 300w, https:\/\/lefrechet.fr\/wp-content\/uploads\/2021\/01\/http-www.gho_.fr-81-rwrgf31-photos-jpg-GR-C0000409-140x98.jpg 140w\" sizes=\"auto, (max-width: 500px) 100vw, 500px\" \/><\/a><\/figure><\/li><\/ul><\/figure>\n","protected":false},"excerpt":{"rendered":"<p>G\u00eete &lsquo;le Hameau des ch\u00eanes&lsquo; Jocelyne Cussol Gites Ruraux 31360 LE FRECHET 05 61 90 61 63 mel :&nbsp;auhameau@yahoo.fr Ta\u00ef Chi, Chi Gong, M\u00e9ditation et divers stages G\u00eete &lsquo;La Bourdette&rsquo;<\/p>\n","protected":false},"author":2,"featured_media":0,"parent":0,"menu_order":0,"comment_status":"closed","ping_status":"closed","template":"page-templates\/homepage-widgets-page.php","meta":{"footnotes":""},"class_list":["post-208","page","type-page","status-publish","hentry"],"_links":{"self":[{"href":"https:\/\/lefrechet.fr\/index.php?rest_route=\/wp\/v2\/pages\/208","targetHints":{"allow":["GET"]}}],"collection":[{"href":"https:\/\/lefrechet.fr\/index.php?rest_route=\/wp\/v2\/pages"}],"about":[{"href":"https:\/\/lefrechet.fr\/index.php?rest_route=\/wp\/v2\/types\/page"}],"author":[{"embeddable":true,"href":"https:\/\/lefrechet.fr\/index.php?rest_route=\/wp\/v2\/users\/2"}],"replies":[{"embeddable":true,"href":"https:\/\/lefrechet.fr\/index.php?rest_route=%2Fwp%2Fv2%2Fcomments&post=208"}],"version-history":[{"count":25,"href":"https:\/\/lefrechet.fr\/index.php?rest_route=\/wp\/v2\/pages\/208\/revisions"}],"predecessor-version":[{"id":1603,"href":"https:\/\/lefrechet.fr\/index.php?rest_route=\/wp\/v2\/pages\/208\/revisions\/1603"}],"wp:attachment":[{"href":"https:\/\/lefrechet.fr\/index.php?rest_route=%2Fwp%2Fv2%2Fmedia&parent=208"}],"curies":[{"name":"wp","href":"https:\/\/api.w.org\/{rel}","templated":true}]}}