{"id":2068,"date":"2021-03-01T21:44:44","date_gmt":"2021-03-01T20:44:44","guid":{"rendered":"https:\/\/lefrechet.fr\/?page_id=2068"},"modified":"2021-08-30T09:42:58","modified_gmt":"2021-08-30T07:42:58","slug":"enfance-et-scolarisation","status":"publish","type":"page","link":"https:\/\/lefrechet.fr\/?page_id=2068","title":{"rendered":"Enfance et Scolarisation"},"content":{"rendered":"\n<p><strong>PETITE ENFANCE :<\/strong><\/p>\n\n\n\n<p>&#8211; CR\u00caCHE<\/p>\n\n\n\n<p>Multi-accueil \u00ab\u00a0Les Tout-Petits\u00a0\u00bb (Saint-Martory)<\/p>\n\n\n\n<p>Le multi-accueil Les Tout-Petits regroupe un accueil r\u00e9gulier (cr\u00e8che) et un accueil occasionnel (halte-garderie). Cet \u00e9tablissement accueille des enfants de 3 mois \u00e0 3 ans.<\/p>\n\n\n\n<p>Gestionnaire : Association Les Tout-Petits de la Haute-Garonne (Association loi 1901).<\/p>\n\n\n\n<p>Capacit\u00e9 d&rsquo;accueil : 30 places. Adresse : Rue Des \u00c9coles 31360 Saint-Martory Contact : 05 61 90 17 45<\/p>\n\n\n\n<p><strong>ENFANCE :<\/strong><\/p>\n\n\n\n<p>&#8211; CENTRE DE LOISIRS<\/p>\n\n\n\n<p>\u00ab\u00a0Le Clos de C\u00e9same\u00a0\u00bb \u00e0 Saint-M\u00e9dard<\/p>\n\n\n\n<p>Accueil de Loisirs Sans H\u00e9bergement (A.L.S.H.)<\/p>\n\n\n\n<p>Situ\u00e9 \u00e0 Saint-M\u00e9dard, le centre de loisirs Le Clos de C\u00e9same accueille les enfants \u00e0 partir de 3 ans de 7h30 \u00e0 18h30.<\/p>\n\n\n\n<p>Le centre de loisirs est ouvert pendant les vacances scolaires (sauf vacances de No\u00ebl) et tous les mercredis. Il propose un accueil en journ\u00e9e ou demi-journ\u00e9e.<\/p>\n\n\n\n<p>C&rsquo;est un accueil \u00ab\u00a0nature\u00a0\u00bb dont les activit\u00e9s tournent autour de ce th\u00e8me. Situ\u00e9 au Clos de C\u00e9same \u00e0 Saint-M\u00e9dard, il offre un cadre exceptionnel.<\/p>\n\n\n\n<p>L&rsquo;\u00e9quipe d&rsquo;encadrement est constitu\u00e9e d&rsquo;animateurs (trices) poss\u00e9dant formation, qualification et comp\u00e9tences leur permettant de conduire toutes les activit\u00e9s propos\u00e9es et de garantir la s\u00e9curit\u00e9 des enfants qui leur sont confi\u00e9s.<\/p>\n\n\n\n<p>Contact : Service Enfance Jeunesse : 05 61 90 11 99 <a href=\"mailto:accueilsloisirs@cagiregaronnesalat.fr\" target=\"_blank\" rel=\"noreferrer noopener\">accueilsloisirs@cagiregaronnesalat.fr<\/a><\/p>\n\n\n\n<p><strong>SCOLARISATION :<\/strong><\/p>\n\n\n\n<p>&#8211; \u00c9COLE \u00c9LEMENTAIRE<\/p>\n\n\n\n<p>Le village de Le Fr\u00e9chet ne poss\u00e8de plus d&rsquo;\u00e9cole \u00e9l\u00e9mentaire. Les enfants du village sont rattach\u00e9s aux \u00e9coles Maternelle et Primaire de Mancioux.<\/p>\n\n\n\n<p>Contact : 05 61 90 32 61<\/p>\n\n\n\n<p>&#8211; COLL\u00c8GE<\/p>\n\n\n\n<p>Coll\u00e8ge Emile-Paul VAYSSI\u00c9 \u00e0 Aurignac<\/p>\n\n\n\n<p>Secr\u00e9tariat : 05 61 90 80 60<\/p>\n\n\n\n<p>Site internet : <a href=\"https:\/\/emile-paul-vayssie.ecollege.haute-garonne.fr\" target=\"_blank\" rel=\"noreferrer noopener\">https:\/\/emile-paul-vayssie.ecollege.haute-garonne.fr<\/a><\/p>\n\n\n\n<p>Plus d&rsquo;infos enfance\/jeunesse sur le site de la Communaut\u00e9 des Communes Cagire Garonne Salat : <a href=\"https:\/\/www.cagiregaronnesalat.fr\/fr\/enfance-jeunesse.html\" target=\"_blank\" rel=\"noreferrer noopener\">https:\/\/www.cagiregaronnesalat.fr\/fr\/enfance-jeunesse.html<\/a><\/p>\n","protected":false},"excerpt":{"rendered":"<p>PETITE ENFANCE : &#8211; CR\u00caCHE Multi-accueil \u00ab\u00a0Les Tout-Petits\u00a0\u00bb (Saint-Martory) Le multi-accueil Les Tout-Petits regroupe un accueil r\u00e9gulier (cr\u00e8che) et un accueil occasionnel (halte-garderie). Cet \u00e9tablissement accueille des enfants de 3&hellip;<\/p>\n","protected":false},"author":2,"featured_media":0,"parent":0,"menu_order":0,"comment_status":"closed","ping_status":"closed","template":"","meta":{"footnotes":""},"class_list":["post-2068","page","type-page","status-publish","hentry"],"_links":{"self":[{"href":"https:\/\/lefrechet.fr\/index.php?rest_route=\/wp\/v2\/pages\/2068","targetHints":{"allow":["GET"]}}],"collection":[{"href":"https:\/\/lefrechet.fr\/index.php?rest_route=\/wp\/v2\/pages"}],"about":[{"href":"https:\/\/lefrechet.fr\/index.php?rest_route=\/wp\/v2\/types\/page"}],"author":[{"embeddable":true,"href":"https:\/\/lefrechet.fr\/index.php?rest_route=\/wp\/v2\/users\/2"}],"replies":[{"embeddable":true,"href":"https:\/\/lefrechet.fr\/index.php?rest_route=%2Fwp%2Fv2%2Fcomments&post=2068"}],"version-history":[{"count":5,"href":"https:\/\/lefrechet.fr\/index.php?rest_route=\/wp\/v2\/pages\/2068\/revisions"}],"predecessor-version":[{"id":2315,"href":"https:\/\/lefrechet.fr\/index.php?rest_route=\/wp\/v2\/pages\/2068\/revisions\/2315"}],"wp:attachment":[{"href":"https:\/\/lefrechet.fr\/index.php?rest_route=%2Fwp%2Fv2%2Fmedia&parent=2068"}],"curies":[{"name":"wp","href":"https:\/\/api.w.org\/{rel}","templated":true}]}}