{"id":1919,"date":"2021-02-15T23:00:56","date_gmt":"2021-02-15T22:00:56","guid":{"rendered":"https:\/\/lefrechet.fr\/?page_id=1919"},"modified":"2021-11-19T16:12:58","modified_gmt":"2021-11-19T15:12:58","slug":"archives-du-conseil-municipal","status":"publish","type":"page","link":"https:\/\/lefrechet.fr\/?page_id=1919","title":{"rendered":"Archives et Presse"},"content":{"rendered":"\n<p>Dans cette rubrique, retrouvez les archives et les coupures de presse que la Mairie de Le Fr\u00e9chet a pu collecter et num\u00e9riser<\/p>\n\n\n\n<p><strong>Archives et presse 2020 et apr\u00e8s<\/strong><\/p>\n\n\n\n<div class=\"wp-block-file\"><a href=\"https:\/\/lefrechet.fr\/wp-content\/uploads\/2021\/01\/ARTICLE-LUCAS-SPA-internet.jpg\" target=\"_blank\" rel=\"noreferrer noopener\">ARTICLE LUCAS SPA internet<\/a><a href=\"https:\/\/lefrechet.fr\/wp-content\/uploads\/2021\/01\/ARTICLE-LUCAS-SPA-internet.jpg\" class=\"wp-block-file__button\" download>T\u00e9l\u00e9charger<\/a><\/div>\n\n\n\n<hr class=\"wp-block-separator is-style-wide\"\/>\n\n\n\n<p><strong>Archives et presse de 2000 \u00e0 2019<\/strong><\/p>\n\n\n\n<div class=\"wp-block-file\"><a href=\"https:\/\/lefrechet.fr\/wp-content\/uploads\/2021\/03\/ARTICLE-FRESQUE.pdf\" target=\"_blank\" rel=\"noreferrer noopener\">ARTICLE FRESQUE<\/a><a href=\"https:\/\/lefrechet.fr\/wp-content\/uploads\/2021\/03\/ARTICLE-FRESQUE.pdf\" class=\"wp-block-file__button\" download>T\u00e9l\u00e9charger<\/a><\/div>\n\n\n\n<p><strong>Archives et presse de 1980 \u00e0 1999<\/strong><\/p>\n\n\n\n<div class=\"wp-block-file\"><a href=\"https:\/\/lefrechet.fr\/wp-content\/uploads\/2021\/03\/ARTICLE-JACQUES.pdf\" target=\"_blank\" rel=\"noreferrer noopener\">ARTICLE JACQUES<\/a><a href=\"https:\/\/lefrechet.fr\/wp-content\/uploads\/2021\/03\/ARTICLE-JACQUES.pdf\" class=\"wp-block-file__button\" download>T\u00e9l\u00e9charger<\/a><\/div>\n\n\n\n<div class=\"wp-block-file\"><a href=\"https:\/\/lefrechet.fr\/wp-content\/uploads\/2021\/03\/ARTICLE-CONCERT-EGLISE.pdf\" target=\"_blank\" rel=\"noreferrer noopener\">ARTICLE CONCERT EGLISE<\/a><a href=\"https:\/\/lefrechet.fr\/wp-content\/uploads\/2021\/03\/ARTICLE-CONCERT-EGLISE.pdf\" class=\"wp-block-file__button\" download>T\u00e9l\u00e9charger<\/a><\/div>\n\n\n\n<div class=\"wp-block-file\"><a href=\"https:\/\/lefrechet.fr\/wp-content\/uploads\/2021\/03\/ARTICLE-CONCERT-EGLISE-002.pdf\" target=\"_blank\" rel=\"noreferrer noopener\">ARTICLE CONCERT EGLISE 002<\/a><a href=\"https:\/\/lefrechet.fr\/wp-content\/uploads\/2021\/03\/ARTICLE-CONCERT-EGLISE-002.pdf\" class=\"wp-block-file__button\" download>T\u00e9l\u00e9charger<\/a><\/div>\n\n\n\n<div class=\"wp-block-file\"><a href=\"https:\/\/lefrechet.fr\/wp-content\/uploads\/2021\/03\/ARTICLE-FOIRE-003.pdf\" target=\"_blank\" rel=\"noreferrer noopener\">ARTICLE FOIRE 003<\/a><a href=\"https:\/\/lefrechet.fr\/wp-content\/uploads\/2021\/03\/ARTICLE-FOIRE-003.pdf\" class=\"wp-block-file__button\" download>T\u00e9l\u00e9charger<\/a><\/div>\n\n\n\n<div class=\"wp-block-file\"><a href=\"https:\/\/lefrechet.fr\/wp-content\/uploads\/2021\/03\/ARTICLE-FOIRE-004.pdf\" target=\"_blank\" rel=\"noreferrer noopener\">ARTICLE FOIRE 004<\/a><a href=\"https:\/\/lefrechet.fr\/wp-content\/uploads\/2021\/03\/ARTICLE-FOIRE-004.pdf\" class=\"wp-block-file__button\" download>T\u00e9l\u00e9charger<\/a><\/div>\n\n\n\n<div class=\"wp-block-file\"><a href=\"https:\/\/lefrechet.fr\/wp-content\/uploads\/2021\/03\/ARTICLE-INAUGURATION-CAMPANERE.pdf\" target=\"_blank\" rel=\"noreferrer noopener\">ARTICLE INAUGURATION CAMPANERE<\/a><a href=\"https:\/\/lefrechet.fr\/wp-content\/uploads\/2021\/03\/ARTICLE-INAUGURATION-CAMPANERE.pdf\" class=\"wp-block-file__button\" download>T\u00e9l\u00e9charger<\/a><\/div>\n\n\n\n<div class=\"wp-block-file\"><a href=\"https:\/\/lefrechet.fr\/wp-content\/uploads\/2021\/03\/ARTICLE-FOIRE-001.pdf\" target=\"_blank\" rel=\"noreferrer noopener\">ARTICLE FOIRE 001<\/a><a href=\"https:\/\/lefrechet.fr\/wp-content\/uploads\/2021\/03\/ARTICLE-FOIRE-001.pdf\" class=\"wp-block-file__button\" download>T\u00e9l\u00e9charger<\/a><\/div>\n\n\n\n<div class=\"wp-block-file\"><a href=\"https:\/\/lefrechet.fr\/wp-content\/uploads\/2021\/03\/ARTICLE-FOIRE-002.pdf\" target=\"_blank\" rel=\"noreferrer noopener\">ARTICLE FOIRE 002<\/a><a href=\"https:\/\/lefrechet.fr\/wp-content\/uploads\/2021\/03\/ARTICLE-FOIRE-002.pdf\" class=\"wp-block-file__button\" download>T\u00e9l\u00e9charger<\/a><\/div>\n\n\n\n<div class=\"wp-block-file\"><a href=\"https:\/\/lefrechet.fr\/wp-content\/uploads\/2021\/03\/ARTICLE-FAIENCIER-001.pdf\" target=\"_blank\" rel=\"noreferrer noopener\">ARTICLE FAIENCIER 001<\/a><a href=\"https:\/\/lefrechet.fr\/wp-content\/uploads\/2021\/03\/ARTICLE-FAIENCIER-001.pdf\" class=\"wp-block-file__button\" download>T\u00e9l\u00e9charger<\/a><\/div>\n\n\n\n<div class=\"wp-block-file\"><a href=\"https:\/\/lefrechet.fr\/wp-content\/uploads\/2021\/03\/ARTICLE-FAIENCIER-002.pdf\" target=\"_blank\" rel=\"noreferrer noopener\">ARTICLE FAIENCIER 002<\/a><a href=\"https:\/\/lefrechet.fr\/wp-content\/uploads\/2021\/03\/ARTICLE-FAIENCIER-002.pdf\" class=\"wp-block-file__button\" download>T\u00e9l\u00e9charger<\/a><\/div>\n\n\n\n<div class=\"wp-block-file\"><a href=\"https:\/\/lefrechet.fr\/wp-content\/uploads\/2021\/03\/ARTICLE-EGLISE-RESTAUREE.pdf\" target=\"_blank\" rel=\"noreferrer noopener\">ARTICLE EGLISE RESTAUREE<\/a><a href=\"https:\/\/lefrechet.fr\/wp-content\/uploads\/2021\/03\/ARTICLE-EGLISE-RESTAUREE.pdf\" class=\"wp-block-file__button\" download>T\u00e9l\u00e9charger<\/a><\/div>\n\n\n\n<div class=\"wp-block-file\"><a href=\"https:\/\/lefrechet.fr\/wp-content\/uploads\/2021\/03\/ARTICLE-BAS-RELIEF.pdf\" target=\"_blank\" rel=\"noreferrer noopener\">ARTICLE BAS RELIEF<\/a><a href=\"https:\/\/lefrechet.fr\/wp-content\/uploads\/2021\/03\/ARTICLE-BAS-RELIEF.pdf\" class=\"wp-block-file__button\" download>T\u00e9l\u00e9charger<\/a><\/div>\n\n\n\n<div class=\"wp-block-file\"><a href=\"https:\/\/lefrechet.fr\/wp-content\/uploads\/2021\/03\/ARTICLE-C-ETAIT-LA-FETE.pdf\" target=\"_blank\" rel=\"noreferrer noopener\">ARTICLE C ETAIT LA F\u00caTE<\/a><a href=\"https:\/\/lefrechet.fr\/wp-content\/uploads\/2021\/03\/ARTICLE-C-ETAIT-LA-FETE.pdf\" class=\"wp-block-file__button\" download>T\u00e9l\u00e9charger<\/a><\/div>\n\n\n\n<div class=\"wp-block-file\"><a href=\"https:\/\/lefrechet.fr\/wp-content\/uploads\/2021\/03\/ARTICLE-BOUILLEURS-DE-CRU.pdf\" target=\"_blank\" rel=\"noreferrer noopener\">ARTICLE BOUILLEURS DE CRU<\/a><a href=\"https:\/\/lefrechet.fr\/wp-content\/uploads\/2021\/03\/ARTICLE-BOUILLEURS-DE-CRU.pdf\" class=\"wp-block-file__button\" download>T\u00e9l\u00e9charger<\/a><\/div>\n\n\n\n<div class=\"wp-block-file\"><a href=\"https:\/\/lefrechet.fr\/wp-content\/uploads\/2021\/03\/ARTICLE-CONCOURS-DE-LABOURS.pdf\" target=\"_blank\" rel=\"noreferrer noopener\">ARTICLE CONCOURS DE LABOURS<\/a><a href=\"https:\/\/lefrechet.fr\/wp-content\/uploads\/2021\/03\/ARTICLE-CONCOURS-DE-LABOURS.pdf\" class=\"wp-block-file__button\" download>T\u00e9l\u00e9charger<\/a><\/div>\n\n\n\n<hr class=\"wp-block-separator is-style-wide\"\/>\n\n\n\n<p><strong>Archives et presse de 1950 \u00e0 1979<\/strong><\/p>\n\n\n\n<div class=\"wp-block-file\"><a href=\"https:\/\/lefrechet.fr\/wp-content\/uploads\/2021\/03\/ARTICLE-PLAQUE-DE-RUE.pdf\" target=\"_blank\" rel=\"noreferrer noopener\">ARTICLE PLAQUE DE RUE<\/a><a href=\"https:\/\/lefrechet.fr\/wp-content\/uploads\/2021\/03\/ARTICLE-PLAQUE-DE-RUE.pdf\" class=\"wp-block-file__button\" download>T\u00e9l\u00e9charger<\/a><\/div>\n\n\n\n<div class=\"wp-block-file\"><a href=\"https:\/\/lefrechet.fr\/wp-content\/uploads\/2021\/03\/ARTICLE-HIER-ET-AUJOURD-HUI.pdf\" target=\"_blank\" rel=\"noreferrer noopener\">ARTICLE HIER ET AUJOURD HUI<\/a><a href=\"https:\/\/lefrechet.fr\/wp-content\/uploads\/2021\/03\/ARTICLE-HIER-ET-AUJOURD-HUI.pdf\" class=\"wp-block-file__button\" download>T\u00e9l\u00e9charger<\/a><\/div>\n\n\n\n<div class=\"wp-block-file\"><a href=\"https:\/\/lefrechet.fr\/wp-content\/uploads\/2021\/03\/ARTICLE-EGLISE.pdf\" target=\"_blank\" rel=\"noreferrer noopener\">ARTICLE EGLISE<\/a><a href=\"https:\/\/lefrechet.fr\/wp-content\/uploads\/2021\/03\/ARTICLE-EGLISE.pdf\" class=\"wp-block-file__button\" download>T\u00e9l\u00e9charger<\/a><\/div>\n\n\n\n<div class=\"wp-block-file\"><a href=\"https:\/\/lefrechet.fr\/wp-content\/uploads\/2021\/02\/ARTICLE-1-ELECTIONS-MARS-1965-1-2.pdf\" target=\"_blank\" rel=\"noreferrer noopener\">ARTICLE 1 ELECTIONS MARS 1965<\/a><a href=\"https:\/\/lefrechet.fr\/wp-content\/uploads\/2021\/02\/ARTICLE-1-ELECTIONS-MARS-1965-1-2.pdf\" class=\"wp-block-file__button\" download>T\u00e9l\u00e9charger<\/a><\/div>\n\n\n\n<div class=\"wp-block-file\"><a href=\"https:\/\/lefrechet.fr\/wp-content\/uploads\/2021\/02\/ARTICLE-2-ELECTIONS-MARS-1965-1-2.pdf\" target=\"_blank\" rel=\"noreferrer noopener\">ARTICLE 2 ELECTIONS MARS 1965<\/a><a href=\"https:\/\/lefrechet.fr\/wp-content\/uploads\/2021\/02\/ARTICLE-2-ELECTIONS-MARS-1965-1-2.pdf\" class=\"wp-block-file__button\" download>T\u00e9l\u00e9charger<\/a><\/div>\n\n\n\n<hr class=\"wp-block-separator is-style-wide\"\/>\n\n\n\n<p><strong>Archives et presse de 1900 \u00e0 1949<\/strong><\/p>\n\n\n\n<div class=\"wp-block-file\"><a href=\"https:\/\/lefrechet.fr\/wp-content\/uploads\/2021\/03\/thumbnail_PHOTO-CLASSE-1904.jpg\" target=\"_blank\" rel=\"noreferrer noopener\">PHOTO-CLASSE-1904<\/a><a href=\"https:\/\/lefrechet.fr\/wp-content\/uploads\/2021\/03\/thumbnail_PHOTO-CLASSE-1904.jpg\" class=\"wp-block-file__button\" download>T\u00e9l\u00e9charger<\/a><\/div>\n\n\n\n<div class=\"wp-block-file\"><a href=\"https:\/\/lefrechet.fr\/wp-content\/uploads\/2021\/03\/thumbnail_PHOTO-CLASSE-1936.jpg\" target=\"_blank\" rel=\"noreferrer noopener\">PHOTO-CLASSE-1936<\/a><a href=\"https:\/\/lefrechet.fr\/wp-content\/uploads\/2021\/03\/thumbnail_PHOTO-CLASSE-1936.jpg\" class=\"wp-block-file__button\" download>T\u00e9l\u00e9charger<\/a><\/div>\n\n\n\n<hr class=\"wp-block-separator is-style-wide\"\/>\n\n\n\n<p><strong>Archives et presse de 1800 \u00e0 1899<\/strong><\/p>\n\n\n\n<div class=\"wp-block-file\"><a href=\"https:\/\/lefrechet.fr\/wp-content\/uploads\/2021\/03\/ANNUAIRE-1896.pdf\" target=\"_blank\" rel=\"noreferrer noopener\">ANNUAIRE 1896<\/a><a href=\"https:\/\/lefrechet.fr\/wp-content\/uploads\/2021\/03\/ANNUAIRE-1896.pdf\" class=\"wp-block-file__button\" download>T\u00e9l\u00e9charger<\/a><\/div>\n\n\n\n<div class=\"wp-block-file\"><a href=\"https:\/\/lefrechet.fr\/wp-content\/uploads\/2021\/01\/MONOGRAPHIE-FRECHET.pdf\" target=\"_blank\" rel=\"noreferrer noopener\">MONOGRAPHIE FRECHET<\/a><a href=\"https:\/\/lefrechet.fr\/wp-content\/uploads\/2021\/01\/MONOGRAPHIE-FRECHET.pdf\" class=\"wp-block-file__button\" download>T\u00e9l\u00e9charger<\/a><\/div>\n\n\n\n<hr class=\"wp-block-separator is-style-wide\"\/>\n\n\n\n<p><strong>Archives et presse avant 1800<\/strong><\/p>\n\n\n\n<div class=\"wp-block-file\"><a href=\"https:\/\/lefrechet.fr\/wp-content\/uploads\/2021\/02\/ELECTION-1ER-CONSEIL-1790-2.pdf\" target=\"_blank\" rel=\"noreferrer noopener\">ELECTION 1ER CONSEIL 1790<\/a><a href=\"https:\/\/lefrechet.fr\/wp-content\/uploads\/2021\/02\/ELECTION-1ER-CONSEIL-1790-2.pdf\" class=\"wp-block-file__button\" download>T\u00e9l\u00e9charger<\/a><\/div>\n\n\n\n<p><\/p>\n","protected":false},"excerpt":{"rendered":"<p>Dans cette rubrique, retrouvez les archives et les coupures de presse que la Mairie de Le Fr\u00e9chet a pu collecter et num\u00e9riser Archives et presse 2020 et apr\u00e8s Archives et&hellip;<\/p>\n","protected":false},"author":2,"featured_media":0,"parent":0,"menu_order":0,"comment_status":"closed","ping_status":"closed","template":"page-templates\/fullwidth.php","meta":{"footnotes":""},"class_list":["post-1919","page","type-page","status-publish","hentry"],"_links":{"self":[{"href":"https:\/\/lefrechet.fr\/index.php?rest_route=\/wp\/v2\/pages\/1919","targetHints":{"allow":["GET"]}}],"collection":[{"href":"https:\/\/lefrechet.fr\/index.php?rest_route=\/wp\/v2\/pages"}],"about":[{"href":"https:\/\/lefrechet.fr\/index.php?rest_route=\/wp\/v2\/types\/page"}],"author":[{"embeddable":true,"href":"https:\/\/lefrechet.fr\/index.php?rest_route=\/wp\/v2\/users\/2"}],"replies":[{"embeddable":true,"href":"https:\/\/lefrechet.fr\/index.php?rest_route=%2Fwp%2Fv2%2Fcomments&post=1919"}],"version-history":[{"count":48,"href":"https:\/\/lefrechet.fr\/index.php?rest_route=\/wp\/v2\/pages\/1919\/revisions"}],"predecessor-version":[{"id":2439,"href":"https:\/\/lefrechet.fr\/index.php?rest_route=\/wp\/v2\/pages\/1919\/revisions\/2439"}],"wp:attachment":[{"href":"https:\/\/lefrechet.fr\/index.php?rest_route=%2Fwp%2Fv2%2Fmedia&parent=1919"}],"curies":[{"name":"wp","href":"https:\/\/api.w.org\/{rel}","templated":true}]}}