{"id":1775,"date":"2021-02-12T18:04:27","date_gmt":"2021-02-12T17:04:27","guid":{"rendered":"https:\/\/lefrechet.fr\/?page_id=1775"},"modified":"2023-05-11T11:34:21","modified_gmt":"2023-05-11T09:34:21","slug":"chasse-aux-oeufs-de-paques","status":"publish","type":"page","link":"https:\/\/lefrechet.fr\/?page_id=1775","title":{"rendered":"VIDE-GRENIERS AU FRECHET&#8230;"},"content":{"rendered":"\n<p class=\"has-text-align-center has-large-font-size\"><strong><mark style=\"background-color:rgba(0, 0, 0, 0)\" class=\"has-inline-color has-vivid-red-color\">PROCHAIN VIDE GRENIERS LE :<\/mark><\/strong><\/p>\n\n\n\n<p class=\"has-text-align-center has-x-large-font-size\"><mark style=\"background-color:rgba(0, 0, 0, 0)\" class=\"has-inline-color has-vivid-red-color\"><strong>DIMANCHE 27 AO\u00dbT 2023<\/strong><\/mark><\/p>\n\n\n\n<p>RENSEIGNEMENTS : <mark style=\"background-color:rgba(0, 0, 0, 0)\" class=\"has-inline-color has-vivid-cyan-blue-color\"><strong>comitedesfetesdufrechet@gmail.com<\/strong><\/mark><\/p>\n\n\n\n<hr class=\"wp-block-separator has-alpha-channel-opacity\"\/>\n\n\n\n<p><strong>Retour sur le Vide Grenier Espace Campan\u00e8re de 2022<\/strong><\/p>\n\n\n\n<p><mark style=\"background-color:rgba(0, 0, 0, 0)\" class=\"has-inline-color has-vivid-cyan-blue-color\"><strong>Une belle journ\u00e9e et de la convivialit\u00e9<\/strong><\/mark><\/p>\n\n\n\n<figure class=\"wp-block-gallery has-nested-images columns-default is-cropped wp-block-gallery-1 is-layout-flex wp-block-gallery-is-layout-flex\">\n<figure class=\"wp-block-image size-large is-style-default\"><a href=\"https:\/\/lefrechet.fr\/wp-content\/uploads\/2022\/05\/20220515_081134-scaled.jpg\" target=\"_blank\" rel=\"noopener\"><img loading=\"lazy\" decoding=\"async\" width=\"2560\" height=\"1442\" data-id=\"2645\" src=\"https:\/\/lefrechet.fr\/wp-content\/uploads\/2022\/05\/20220515_081134-scaled.jpg\" alt=\"\" class=\"wp-image-2645\" srcset=\"https:\/\/lefrechet.fr\/wp-content\/uploads\/2022\/05\/20220515_081134-scaled.jpg 2560w, https:\/\/lefrechet.fr\/wp-content\/uploads\/2022\/05\/20220515_081134-300x169.jpg 300w, https:\/\/lefrechet.fr\/wp-content\/uploads\/2022\/05\/20220515_081134-1024x577.jpg 1024w, https:\/\/lefrechet.fr\/wp-content\/uploads\/2022\/05\/20220515_081134-768x432.jpg 768w, https:\/\/lefrechet.fr\/wp-content\/uploads\/2022\/05\/20220515_081134-1536x865.jpg 1536w, https:\/\/lefrechet.fr\/wp-content\/uploads\/2022\/05\/20220515_081134-2048x1153.jpg 2048w, https:\/\/lefrechet.fr\/wp-content\/uploads\/2022\/05\/20220515_081134-140x79.jpg 140w\" sizes=\"auto, (max-width: 2560px) 100vw, 2560px\" \/><\/a><\/figure>\n\n\n\n<figure class=\"wp-block-image size-large is-style-default\"><a href=\"https:\/\/lefrechet.fr\/wp-content\/uploads\/2022\/05\/20220515_081144-scaled.jpg\" target=\"_blank\" rel=\"noopener\"><img loading=\"lazy\" decoding=\"async\" width=\"2560\" height=\"1442\" data-id=\"2644\" src=\"https:\/\/lefrechet.fr\/wp-content\/uploads\/2022\/05\/20220515_081144-scaled.jpg\" alt=\"\" class=\"wp-image-2644\" srcset=\"https:\/\/lefrechet.fr\/wp-content\/uploads\/2022\/05\/20220515_081144-scaled.jpg 2560w, https:\/\/lefrechet.fr\/wp-content\/uploads\/2022\/05\/20220515_081144-300x169.jpg 300w, https:\/\/lefrechet.fr\/wp-content\/uploads\/2022\/05\/20220515_081144-1024x577.jpg 1024w, https:\/\/lefrechet.fr\/wp-content\/uploads\/2022\/05\/20220515_081144-768x432.jpg 768w, https:\/\/lefrechet.fr\/wp-content\/uploads\/2022\/05\/20220515_081144-1536x865.jpg 1536w, https:\/\/lefrechet.fr\/wp-content\/uploads\/2022\/05\/20220515_081144-2048x1153.jpg 2048w, https:\/\/lefrechet.fr\/wp-content\/uploads\/2022\/05\/20220515_081144-140x79.jpg 140w\" sizes=\"auto, (max-width: 2560px) 100vw, 2560px\" \/><\/a><\/figure>\n\n\n\n<figure class=\"wp-block-image size-large is-style-default\"><a href=\"https:\/\/lefrechet.fr\/wp-content\/uploads\/2022\/05\/20220515_081132-scaled.jpg\" target=\"_blank\" rel=\"noopener\"><img loading=\"lazy\" decoding=\"async\" width=\"2560\" height=\"1442\" data-id=\"2646\" src=\"https:\/\/lefrechet.fr\/wp-content\/uploads\/2022\/05\/20220515_081132-scaled.jpg\" alt=\"\" class=\"wp-image-2646\" srcset=\"https:\/\/lefrechet.fr\/wp-content\/uploads\/2022\/05\/20220515_081132-scaled.jpg 2560w, https:\/\/lefrechet.fr\/wp-content\/uploads\/2022\/05\/20220515_081132-300x169.jpg 300w, https:\/\/lefrechet.fr\/wp-content\/uploads\/2022\/05\/20220515_081132-1024x577.jpg 1024w, https:\/\/lefrechet.fr\/wp-content\/uploads\/2022\/05\/20220515_081132-768x432.jpg 768w, https:\/\/lefrechet.fr\/wp-content\/uploads\/2022\/05\/20220515_081132-1536x865.jpg 1536w, https:\/\/lefrechet.fr\/wp-content\/uploads\/2022\/05\/20220515_081132-2048x1153.jpg 2048w, https:\/\/lefrechet.fr\/wp-content\/uploads\/2022\/05\/20220515_081132-140x79.jpg 140w\" sizes=\"auto, (max-width: 2560px) 100vw, 2560px\" \/><\/a><\/figure>\n\n\n\n<figure class=\"wp-block-image size-large is-style-default\"><a href=\"https:\/\/lefrechet.fr\/wp-content\/uploads\/2022\/05\/20220515_081250-scaled.jpg\" target=\"_blank\" rel=\"noopener\"><img loading=\"lazy\" decoding=\"async\" width=\"2560\" height=\"1442\" data-id=\"2643\" src=\"https:\/\/lefrechet.fr\/wp-content\/uploads\/2022\/05\/20220515_081250-scaled.jpg\" alt=\"\" class=\"wp-image-2643\" srcset=\"https:\/\/lefrechet.fr\/wp-content\/uploads\/2022\/05\/20220515_081250-scaled.jpg 2560w, https:\/\/lefrechet.fr\/wp-content\/uploads\/2022\/05\/20220515_081250-300x169.jpg 300w, https:\/\/lefrechet.fr\/wp-content\/uploads\/2022\/05\/20220515_081250-1024x577.jpg 1024w, https:\/\/lefrechet.fr\/wp-content\/uploads\/2022\/05\/20220515_081250-768x432.jpg 768w, https:\/\/lefrechet.fr\/wp-content\/uploads\/2022\/05\/20220515_081250-1536x865.jpg 1536w, https:\/\/lefrechet.fr\/wp-content\/uploads\/2022\/05\/20220515_081250-2048x1153.jpg 2048w, https:\/\/lefrechet.fr\/wp-content\/uploads\/2022\/05\/20220515_081250-140x79.jpg 140w\" sizes=\"auto, (max-width: 2560px) 100vw, 2560px\" \/><\/a><\/figure>\n\n\n\n<figure class=\"wp-block-image size-large is-style-default\"><a href=\"https:\/\/lefrechet.fr\/wp-content\/uploads\/2022\/05\/20220515_081323-scaled.jpg\" target=\"_blank\" rel=\"noopener\"><img loading=\"lazy\" decoding=\"async\" width=\"2560\" height=\"1442\" data-id=\"2642\" src=\"https:\/\/lefrechet.fr\/wp-content\/uploads\/2022\/05\/20220515_081323-scaled.jpg\" alt=\"\" class=\"wp-image-2642\" srcset=\"https:\/\/lefrechet.fr\/wp-content\/uploads\/2022\/05\/20220515_081323-scaled.jpg 2560w, https:\/\/lefrechet.fr\/wp-content\/uploads\/2022\/05\/20220515_081323-300x169.jpg 300w, https:\/\/lefrechet.fr\/wp-content\/uploads\/2022\/05\/20220515_081323-1024x577.jpg 1024w, https:\/\/lefrechet.fr\/wp-content\/uploads\/2022\/05\/20220515_081323-768x432.jpg 768w, https:\/\/lefrechet.fr\/wp-content\/uploads\/2022\/05\/20220515_081323-1536x865.jpg 1536w, https:\/\/lefrechet.fr\/wp-content\/uploads\/2022\/05\/20220515_081323-2048x1153.jpg 2048w, https:\/\/lefrechet.fr\/wp-content\/uploads\/2022\/05\/20220515_081323-140x79.jpg 140w\" sizes=\"auto, (max-width: 2560px) 100vw, 2560px\" \/><\/a><\/figure>\n\n\n\n<figure class=\"wp-block-image size-large is-style-default\"><a href=\"https:\/\/lefrechet.fr\/wp-content\/uploads\/2022\/05\/20220515_084621-scaled.jpg\" target=\"_blank\" rel=\"noopener\"><img loading=\"lazy\" decoding=\"async\" width=\"2560\" height=\"1442\" data-id=\"2641\" src=\"https:\/\/lefrechet.fr\/wp-content\/uploads\/2022\/05\/20220515_084621-scaled.jpg\" alt=\"\" class=\"wp-image-2641\" srcset=\"https:\/\/lefrechet.fr\/wp-content\/uploads\/2022\/05\/20220515_084621-scaled.jpg 2560w, https:\/\/lefrechet.fr\/wp-content\/uploads\/2022\/05\/20220515_084621-300x169.jpg 300w, https:\/\/lefrechet.fr\/wp-content\/uploads\/2022\/05\/20220515_084621-1024x577.jpg 1024w, https:\/\/lefrechet.fr\/wp-content\/uploads\/2022\/05\/20220515_084621-768x432.jpg 768w, https:\/\/lefrechet.fr\/wp-content\/uploads\/2022\/05\/20220515_084621-1536x865.jpg 1536w, https:\/\/lefrechet.fr\/wp-content\/uploads\/2022\/05\/20220515_084621-2048x1153.jpg 2048w, https:\/\/lefrechet.fr\/wp-content\/uploads\/2022\/05\/20220515_084621-140x79.jpg 140w\" sizes=\"auto, (max-width: 2560px) 100vw, 2560px\" \/><\/a><\/figure>\n\n\n\n<figure class=\"wp-block-image size-large is-style-default\"><a href=\"https:\/\/lefrechet.fr\/wp-content\/uploads\/2022\/05\/20220515_084628-scaled.jpg\" target=\"_blank\" rel=\"noopener\"><img loading=\"lazy\" decoding=\"async\" width=\"2560\" height=\"1442\" data-id=\"2640\" src=\"https:\/\/lefrechet.fr\/wp-content\/uploads\/2022\/05\/20220515_084628-scaled.jpg\" alt=\"\" class=\"wp-image-2640\" srcset=\"https:\/\/lefrechet.fr\/wp-content\/uploads\/2022\/05\/20220515_084628-scaled.jpg 2560w, https:\/\/lefrechet.fr\/wp-content\/uploads\/2022\/05\/20220515_084628-300x169.jpg 300w, https:\/\/lefrechet.fr\/wp-content\/uploads\/2022\/05\/20220515_084628-1024x577.jpg 1024w, https:\/\/lefrechet.fr\/wp-content\/uploads\/2022\/05\/20220515_084628-768x432.jpg 768w, https:\/\/lefrechet.fr\/wp-content\/uploads\/2022\/05\/20220515_084628-1536x865.jpg 1536w, https:\/\/lefrechet.fr\/wp-content\/uploads\/2022\/05\/20220515_084628-2048x1153.jpg 2048w, https:\/\/lefrechet.fr\/wp-content\/uploads\/2022\/05\/20220515_084628-140x79.jpg 140w\" sizes=\"auto, (max-width: 2560px) 100vw, 2560px\" \/><\/a><\/figure>\n\n\n\n<figure class=\"wp-block-image size-large is-style-default\"><a href=\"https:\/\/lefrechet.fr\/wp-content\/uploads\/2022\/05\/20220515_101143-scaled.jpg\" target=\"_blank\" rel=\"noopener\"><img loading=\"lazy\" decoding=\"async\" width=\"2560\" height=\"1442\" data-id=\"2638\" src=\"https:\/\/lefrechet.fr\/wp-content\/uploads\/2022\/05\/20220515_101143-scaled.jpg\" alt=\"\" class=\"wp-image-2638\" srcset=\"https:\/\/lefrechet.fr\/wp-content\/uploads\/2022\/05\/20220515_101143-scaled.jpg 2560w, https:\/\/lefrechet.fr\/wp-content\/uploads\/2022\/05\/20220515_101143-300x169.jpg 300w, https:\/\/lefrechet.fr\/wp-content\/uploads\/2022\/05\/20220515_101143-1024x577.jpg 1024w, https:\/\/lefrechet.fr\/wp-content\/uploads\/2022\/05\/20220515_101143-768x432.jpg 768w, https:\/\/lefrechet.fr\/wp-content\/uploads\/2022\/05\/20220515_101143-1536x865.jpg 1536w, https:\/\/lefrechet.fr\/wp-content\/uploads\/2022\/05\/20220515_101143-2048x1153.jpg 2048w, https:\/\/lefrechet.fr\/wp-content\/uploads\/2022\/05\/20220515_101143-140x79.jpg 140w\" sizes=\"auto, (max-width: 2560px) 100vw, 2560px\" \/><\/a><\/figure>\n\n\n\n<figure class=\"wp-block-image size-large is-style-default\"><a href=\"https:\/\/lefrechet.fr\/wp-content\/uploads\/2022\/05\/20220515_145021-scaled.jpg\" target=\"_blank\" rel=\"noopener\"><img loading=\"lazy\" decoding=\"async\" width=\"2560\" height=\"1442\" data-id=\"2634\" src=\"https:\/\/lefrechet.fr\/wp-content\/uploads\/2022\/05\/20220515_145021-scaled.jpg\" alt=\"\" class=\"wp-image-2634\" srcset=\"https:\/\/lefrechet.fr\/wp-content\/uploads\/2022\/05\/20220515_145021-scaled.jpg 2560w, https:\/\/lefrechet.fr\/wp-content\/uploads\/2022\/05\/20220515_145021-300x169.jpg 300w, https:\/\/lefrechet.fr\/wp-content\/uploads\/2022\/05\/20220515_145021-1024x577.jpg 1024w, https:\/\/lefrechet.fr\/wp-content\/uploads\/2022\/05\/20220515_145021-768x432.jpg 768w, https:\/\/lefrechet.fr\/wp-content\/uploads\/2022\/05\/20220515_145021-1536x865.jpg 1536w, https:\/\/lefrechet.fr\/wp-content\/uploads\/2022\/05\/20220515_145021-2048x1153.jpg 2048w, https:\/\/lefrechet.fr\/wp-content\/uploads\/2022\/05\/20220515_145021-140x79.jpg 140w\" sizes=\"auto, (max-width: 2560px) 100vw, 2560px\" \/><\/a><\/figure>\n\n\n\n<figure class=\"wp-block-image size-large is-style-default\"><a href=\"https:\/\/lefrechet.fr\/wp-content\/uploads\/2022\/05\/20220515_145030-scaled.jpg\" target=\"_blank\" rel=\"noopener\"><img loading=\"lazy\" decoding=\"async\" width=\"2560\" height=\"1442\" data-id=\"2633\" src=\"https:\/\/lefrechet.fr\/wp-content\/uploads\/2022\/05\/20220515_145030-scaled.jpg\" alt=\"\" class=\"wp-image-2633\" srcset=\"https:\/\/lefrechet.fr\/wp-content\/uploads\/2022\/05\/20220515_145030-scaled.jpg 2560w, https:\/\/lefrechet.fr\/wp-content\/uploads\/2022\/05\/20220515_145030-300x169.jpg 300w, https:\/\/lefrechet.fr\/wp-content\/uploads\/2022\/05\/20220515_145030-1024x577.jpg 1024w, https:\/\/lefrechet.fr\/wp-content\/uploads\/2022\/05\/20220515_145030-768x432.jpg 768w, https:\/\/lefrechet.fr\/wp-content\/uploads\/2022\/05\/20220515_145030-1536x865.jpg 1536w, https:\/\/lefrechet.fr\/wp-content\/uploads\/2022\/05\/20220515_145030-2048x1153.jpg 2048w, https:\/\/lefrechet.fr\/wp-content\/uploads\/2022\/05\/20220515_145030-140x79.jpg 140w\" sizes=\"auto, (max-width: 2560px) 100vw, 2560px\" \/><\/a><\/figure>\n\n\n\n<figure class=\"wp-block-image size-large is-style-default\"><a href=\"https:\/\/lefrechet.fr\/wp-content\/uploads\/2022\/05\/20220515_145050-scaled.jpg\" target=\"_blank\" rel=\"noopener\"><img loading=\"lazy\" decoding=\"async\" width=\"2560\" height=\"1442\" data-id=\"2632\" src=\"https:\/\/lefrechet.fr\/wp-content\/uploads\/2022\/05\/20220515_145050-scaled.jpg\" alt=\"\" class=\"wp-image-2632\" srcset=\"https:\/\/lefrechet.fr\/wp-content\/uploads\/2022\/05\/20220515_145050-scaled.jpg 2560w, https:\/\/lefrechet.fr\/wp-content\/uploads\/2022\/05\/20220515_145050-300x169.jpg 300w, https:\/\/lefrechet.fr\/wp-content\/uploads\/2022\/05\/20220515_145050-1024x577.jpg 1024w, https:\/\/lefrechet.fr\/wp-content\/uploads\/2022\/05\/20220515_145050-768x432.jpg 768w, https:\/\/lefrechet.fr\/wp-content\/uploads\/2022\/05\/20220515_145050-1536x865.jpg 1536w, https:\/\/lefrechet.fr\/wp-content\/uploads\/2022\/05\/20220515_145050-2048x1153.jpg 2048w, https:\/\/lefrechet.fr\/wp-content\/uploads\/2022\/05\/20220515_145050-140x79.jpg 140w\" sizes=\"auto, (max-width: 2560px) 100vw, 2560px\" \/><\/a><\/figure>\n\n\n\n<figure class=\"wp-block-image size-large is-style-default\"><a href=\"https:\/\/lefrechet.fr\/wp-content\/uploads\/2022\/05\/20220515_145115-scaled.jpg\" target=\"_blank\" rel=\"noopener\"><img loading=\"lazy\" decoding=\"async\" width=\"2560\" height=\"1442\" data-id=\"2631\" src=\"https:\/\/lefrechet.fr\/wp-content\/uploads\/2022\/05\/20220515_145115-scaled.jpg\" alt=\"\" class=\"wp-image-2631\" srcset=\"https:\/\/lefrechet.fr\/wp-content\/uploads\/2022\/05\/20220515_145115-scaled.jpg 2560w, https:\/\/lefrechet.fr\/wp-content\/uploads\/2022\/05\/20220515_145115-300x169.jpg 300w, https:\/\/lefrechet.fr\/wp-content\/uploads\/2022\/05\/20220515_145115-1024x577.jpg 1024w, https:\/\/lefrechet.fr\/wp-content\/uploads\/2022\/05\/20220515_145115-768x432.jpg 768w, https:\/\/lefrechet.fr\/wp-content\/uploads\/2022\/05\/20220515_145115-1536x865.jpg 1536w, https:\/\/lefrechet.fr\/wp-content\/uploads\/2022\/05\/20220515_145115-2048x1153.jpg 2048w, https:\/\/lefrechet.fr\/wp-content\/uploads\/2022\/05\/20220515_145115-140x79.jpg 140w\" sizes=\"auto, (max-width: 2560px) 100vw, 2560px\" \/><\/a><\/figure>\n\n\n\n<figure class=\"wp-block-image size-large is-style-default\"><a href=\"https:\/\/lefrechet.fr\/wp-content\/uploads\/2022\/05\/20220515_145125-scaled.jpg\" target=\"_blank\" rel=\"noopener\"><img loading=\"lazy\" decoding=\"async\" width=\"2560\" height=\"1442\" data-id=\"2630\" src=\"https:\/\/lefrechet.fr\/wp-content\/uploads\/2022\/05\/20220515_145125-scaled.jpg\" alt=\"\" class=\"wp-image-2630\" srcset=\"https:\/\/lefrechet.fr\/wp-content\/uploads\/2022\/05\/20220515_145125-scaled.jpg 2560w, https:\/\/lefrechet.fr\/wp-content\/uploads\/2022\/05\/20220515_145125-300x169.jpg 300w, https:\/\/lefrechet.fr\/wp-content\/uploads\/2022\/05\/20220515_145125-1024x577.jpg 1024w, https:\/\/lefrechet.fr\/wp-content\/uploads\/2022\/05\/20220515_145125-768x432.jpg 768w, https:\/\/lefrechet.fr\/wp-content\/uploads\/2022\/05\/20220515_145125-1536x865.jpg 1536w, https:\/\/lefrechet.fr\/wp-content\/uploads\/2022\/05\/20220515_145125-2048x1153.jpg 2048w, https:\/\/lefrechet.fr\/wp-content\/uploads\/2022\/05\/20220515_145125-140x79.jpg 140w\" sizes=\"auto, (max-width: 2560px) 100vw, 2560px\" \/><\/a><\/figure>\n\n\n\n<figure class=\"wp-block-image size-large is-style-default\"><a href=\"https:\/\/lefrechet.fr\/wp-content\/uploads\/2022\/05\/20220515_145133-scaled.jpg\" target=\"_blank\" rel=\"noopener\"><img loading=\"lazy\" decoding=\"async\" width=\"2560\" height=\"1442\" data-id=\"2629\" src=\"https:\/\/lefrechet.fr\/wp-content\/uploads\/2022\/05\/20220515_145133-scaled.jpg\" alt=\"\" class=\"wp-image-2629\" srcset=\"https:\/\/lefrechet.fr\/wp-content\/uploads\/2022\/05\/20220515_145133-scaled.jpg 2560w, https:\/\/lefrechet.fr\/wp-content\/uploads\/2022\/05\/20220515_145133-300x169.jpg 300w, https:\/\/lefrechet.fr\/wp-content\/uploads\/2022\/05\/20220515_145133-1024x577.jpg 1024w, https:\/\/lefrechet.fr\/wp-content\/uploads\/2022\/05\/20220515_145133-768x432.jpg 768w, https:\/\/lefrechet.fr\/wp-content\/uploads\/2022\/05\/20220515_145133-1536x865.jpg 1536w, https:\/\/lefrechet.fr\/wp-content\/uploads\/2022\/05\/20220515_145133-2048x1153.jpg 2048w, https:\/\/lefrechet.fr\/wp-content\/uploads\/2022\/05\/20220515_145133-140x79.jpg 140w\" sizes=\"auto, (max-width: 2560px) 100vw, 2560px\" \/><\/a><\/figure>\n\n\n\n<figure class=\"wp-block-image size-large is-style-default\"><a href=\"https:\/\/lefrechet.fr\/wp-content\/uploads\/2022\/05\/20220515_145142-scaled.jpg\" target=\"_blank\" rel=\"noopener\"><img loading=\"lazy\" decoding=\"async\" width=\"2560\" height=\"1442\" data-id=\"2628\" src=\"https:\/\/lefrechet.fr\/wp-content\/uploads\/2022\/05\/20220515_145142-scaled.jpg\" alt=\"\" class=\"wp-image-2628\" srcset=\"https:\/\/lefrechet.fr\/wp-content\/uploads\/2022\/05\/20220515_145142-scaled.jpg 2560w, https:\/\/lefrechet.fr\/wp-content\/uploads\/2022\/05\/20220515_145142-300x169.jpg 300w, https:\/\/lefrechet.fr\/wp-content\/uploads\/2022\/05\/20220515_145142-1024x577.jpg 1024w, https:\/\/lefrechet.fr\/wp-content\/uploads\/2022\/05\/20220515_145142-768x432.jpg 768w, https:\/\/lefrechet.fr\/wp-content\/uploads\/2022\/05\/20220515_145142-1536x865.jpg 1536w, https:\/\/lefrechet.fr\/wp-content\/uploads\/2022\/05\/20220515_145142-2048x1153.jpg 2048w, https:\/\/lefrechet.fr\/wp-content\/uploads\/2022\/05\/20220515_145142-140x79.jpg 140w\" sizes=\"auto, (max-width: 2560px) 100vw, 2560px\" \/><\/a><\/figure>\n\n\n\n<figure class=\"wp-block-image size-large is-style-default\"><a href=\"https:\/\/lefrechet.fr\/wp-content\/uploads\/2022\/05\/20220515_145212-scaled.jpg\" target=\"_blank\" rel=\"noopener\"><img loading=\"lazy\" decoding=\"async\" width=\"2560\" height=\"1442\" data-id=\"2626\" src=\"https:\/\/lefrechet.fr\/wp-content\/uploads\/2022\/05\/20220515_145212-scaled.jpg\" alt=\"\" class=\"wp-image-2626\" srcset=\"https:\/\/lefrechet.fr\/wp-content\/uploads\/2022\/05\/20220515_145212-scaled.jpg 2560w, https:\/\/lefrechet.fr\/wp-content\/uploads\/2022\/05\/20220515_145212-300x169.jpg 300w, https:\/\/lefrechet.fr\/wp-content\/uploads\/2022\/05\/20220515_145212-1024x577.jpg 1024w, https:\/\/lefrechet.fr\/wp-content\/uploads\/2022\/05\/20220515_145212-768x432.jpg 768w, https:\/\/lefrechet.fr\/wp-content\/uploads\/2022\/05\/20220515_145212-1536x865.jpg 1536w, https:\/\/lefrechet.fr\/wp-content\/uploads\/2022\/05\/20220515_145212-2048x1153.jpg 2048w, https:\/\/lefrechet.fr\/wp-content\/uploads\/2022\/05\/20220515_145212-140x79.jpg 140w\" sizes=\"auto, (max-width: 2560px) 100vw, 2560px\" \/><\/a><\/figure>\n\n\n\n<figure class=\"wp-block-image size-large is-style-default\"><a href=\"https:\/\/lefrechet.fr\/wp-content\/uploads\/2022\/05\/20220515_145304-scaled.jpg\" target=\"_blank\" rel=\"noopener\"><img loading=\"lazy\" decoding=\"async\" width=\"2560\" height=\"1442\" data-id=\"2625\" src=\"https:\/\/lefrechet.fr\/wp-content\/uploads\/2022\/05\/20220515_145304-scaled.jpg\" alt=\"\" class=\"wp-image-2625\" srcset=\"https:\/\/lefrechet.fr\/wp-content\/uploads\/2022\/05\/20220515_145304-scaled.jpg 2560w, https:\/\/lefrechet.fr\/wp-content\/uploads\/2022\/05\/20220515_145304-300x169.jpg 300w, https:\/\/lefrechet.fr\/wp-content\/uploads\/2022\/05\/20220515_145304-1024x577.jpg 1024w, https:\/\/lefrechet.fr\/wp-content\/uploads\/2022\/05\/20220515_145304-768x432.jpg 768w, https:\/\/lefrechet.fr\/wp-content\/uploads\/2022\/05\/20220515_145304-1536x865.jpg 1536w, https:\/\/lefrechet.fr\/wp-content\/uploads\/2022\/05\/20220515_145304-2048x1153.jpg 2048w, https:\/\/lefrechet.fr\/wp-content\/uploads\/2022\/05\/20220515_145304-140x79.jpg 140w\" sizes=\"auto, (max-width: 2560px) 100vw, 2560px\" \/><\/a><\/figure>\n<\/figure>\n\n\n\n<hr class=\"wp-block-separator has-css-opacity is-style-wide\"\/>\n\n\n\n<p><\/p>\n","protected":false},"excerpt":{"rendered":"<p>PROCHAIN VIDE GRENIERS LE : DIMANCHE 27 AO\u00dbT 2023 RENSEIGNEMENTS : comitedesfetesdufrechet@gmail.com Retour sur le Vide Grenier Espace Campan\u00e8re de 2022 Une belle journ\u00e9e et de la convivialit\u00e9<\/p>\n","protected":false},"author":2,"featured_media":0,"parent":0,"menu_order":0,"comment_status":"open","ping_status":"closed","template":"page-templates\/fullwidth.php","meta":{"footnotes":""},"class_list":["post-1775","page","type-page","status-publish","hentry"],"_links":{"self":[{"href":"https:\/\/lefrechet.fr\/index.php?rest_route=\/wp\/v2\/pages\/1775","targetHints":{"allow":["GET"]}}],"collection":[{"href":"https:\/\/lefrechet.fr\/index.php?rest_route=\/wp\/v2\/pages"}],"about":[{"href":"https:\/\/lefrechet.fr\/index.php?rest_route=\/wp\/v2\/types\/page"}],"author":[{"embeddable":true,"href":"https:\/\/lefrechet.fr\/index.php?rest_route=\/wp\/v2\/users\/2"}],"replies":[{"embeddable":true,"href":"https:\/\/lefrechet.fr\/index.php?rest_route=%2Fwp%2Fv2%2Fcomments&post=1775"}],"version-history":[{"count":29,"href":"https:\/\/lefrechet.fr\/index.php?rest_route=\/wp\/v2\/pages\/1775\/revisions"}],"predecessor-version":[{"id":3230,"href":"https:\/\/lefrechet.fr\/index.php?rest_route=\/wp\/v2\/pages\/1775\/revisions\/3230"}],"wp:attachment":[{"href":"https:\/\/lefrechet.fr\/index.php?rest_route=%2Fwp%2Fv2%2Fmedia&parent=1775"}],"curies":[{"name":"wp","href":"https:\/\/api.w.org\/{rel}","templated":true}]}}