{"id":1640,"date":"2021-01-24T16:16:33","date_gmt":"2021-01-24T15:16:33","guid":{"rendered":"https:\/\/lefrechet.fr\/?page_id=1640"},"modified":"2021-03-04T21:58:17","modified_gmt":"2021-03-04T20:58:17","slug":"securite","status":"publish","type":"page","link":"https:\/\/lefrechet.fr\/?page_id=1640","title":{"rendered":"S\u00e9curit\u00e9"},"content":{"rendered":"\n<p class=\"has-medium-font-size\"><strong>R\u00e9serve incendie<\/strong><\/p>\n\n\n\n<p>Depuis 2020, la Commune est \u00e9quip\u00e9e d&rsquo;une r\u00e9serve souple \u00e0 incendie. D&rsquo;une capacit\u00e9 120 m<sup>3<\/sup>, elle est situ\u00e9e sur le chemin du Riouet face \u00e0 l&rsquo;espace de tri s\u00e9lectif.<\/p>\n\n\n\n<figure class=\"wp-block-image size-large\"><a href=\"https:\/\/lefrechet.fr\/wp-content\/uploads\/2021\/01\/CARTE-COMMUNE.jpg\" target=\"_blank\" rel=\"noopener\"><img loading=\"lazy\" decoding=\"async\" width=\"1024\" height=\"585\" src=\"https:\/\/lefrechet.fr\/wp-content\/uploads\/2021\/01\/CARTE-COMMUNE-1024x585.jpg\" alt=\"\" class=\"wp-image-1645\" srcset=\"https:\/\/lefrechet.fr\/wp-content\/uploads\/2021\/01\/CARTE-COMMUNE-1024x585.jpg 1024w, https:\/\/lefrechet.fr\/wp-content\/uploads\/2021\/01\/CARTE-COMMUNE-300x172.jpg 300w, https:\/\/lefrechet.fr\/wp-content\/uploads\/2021\/01\/CARTE-COMMUNE-768x439.jpg 768w, https:\/\/lefrechet.fr\/wp-content\/uploads\/2021\/01\/CARTE-COMMUNE-140x80.jpg 140w, https:\/\/lefrechet.fr\/wp-content\/uploads\/2021\/01\/CARTE-COMMUNE.jpg 1172w\" sizes=\"auto, (max-width: 1024px) 100vw, 1024px\" \/><\/a><\/figure>\n\n\n\n<hr class=\"wp-block-separator\"\/>\n\n\n\n<p class=\"has-medium-font-size\"><strong>Plan Communal de Sauvegarde<\/strong> <strong>(PCS)<\/strong><\/p>\n\n\n\n<p>Le PCS a \u00e9t\u00e9 instaur\u00e9 par&nbsp;<strong>la loi&nbsp;n\u00b0 2004-811&nbsp;du 13 ao\u00fbt 2004 de modernisation de la s\u00e9curit\u00e9 civile (article 13)<\/strong>. Le plan communal de sauvegarde est obligatoire pour toutes les communes. Il d\u00e9termine, en fonction des risques connus, les mesures imm\u00e9diates de sauvegarde et de protection des personnes, fixe l&rsquo;organisation n\u00e9cessaire \u00e0 la diffusion de l&rsquo;alerte et des consignes de s\u00e9curit\u00e9, recense les moyens disponibles et d\u00e9finit la mise en \u0153uvre des mesures d&rsquo;accompagnement et de soutien de la population.<\/p>\n\n\n\n<p>Le PCS constitue le maillon local de l\u2019organisation de la r\u00e9ponse de s\u00e9curit\u00e9 civile (ORSEC).<\/p>\n\n\n\n<p>Au Fr\u00e9chet, le PCS a \u00e9t\u00e9 r\u00e9dig\u00e9 en 2020 par M. LAVAIL, Maire de la Commune. <strong><u>Sa mise en \u0153uvre rel\u00e8ve de chaque maire sur le territoire de sa commune<\/u><\/strong>, de sa propre initiative ou sur demande du pr\u00e9fet.<\/p>\n\n\n\n<p>T\u00e9l\u00e9chargez le PDF du Plan Communal de Sauvegarde ci-apr\u00e8s : <\/p>\n\n\n\n<div class=\"wp-block-file\"><a href=\"https:\/\/lefrechet.fr\/wp-content\/uploads\/2021\/03\/PCS-Le-Frechet.pdf\" target=\"_blank\" rel=\"noreferrer noopener\">PCS Le Fr\u00e9chet<\/a><a href=\"https:\/\/lefrechet.fr\/wp-content\/uploads\/2021\/03\/PCS-Le-Frechet.pdf\" class=\"wp-block-file__button\" download>T\u00e9l\u00e9charger<\/a><\/div>\n","protected":false},"excerpt":{"rendered":"<p>R\u00e9serve incendie Depuis 2020, la Commune est \u00e9quip\u00e9e d&rsquo;une r\u00e9serve souple \u00e0 incendie. D&rsquo;une capacit\u00e9 120 m3, elle est situ\u00e9e sur le chemin du Riouet face \u00e0 l&rsquo;espace de tri&hellip;<\/p>\n","protected":false},"author":1,"featured_media":0,"parent":0,"menu_order":0,"comment_status":"closed","ping_status":"closed","template":"","meta":{"footnotes":""},"class_list":["post-1640","page","type-page","status-publish","hentry"],"_links":{"self":[{"href":"https:\/\/lefrechet.fr\/index.php?rest_route=\/wp\/v2\/pages\/1640","targetHints":{"allow":["GET"]}}],"collection":[{"href":"https:\/\/lefrechet.fr\/index.php?rest_route=\/wp\/v2\/pages"}],"about":[{"href":"https:\/\/lefrechet.fr\/index.php?rest_route=\/wp\/v2\/types\/page"}],"author":[{"embeddable":true,"href":"https:\/\/lefrechet.fr\/index.php?rest_route=\/wp\/v2\/users\/1"}],"replies":[{"embeddable":true,"href":"https:\/\/lefrechet.fr\/index.php?rest_route=%2Fwp%2Fv2%2Fcomments&post=1640"}],"version-history":[{"count":10,"href":"https:\/\/lefrechet.fr\/index.php?rest_route=\/wp\/v2\/pages\/1640\/revisions"}],"predecessor-version":[{"id":2181,"href":"https:\/\/lefrechet.fr\/index.php?rest_route=\/wp\/v2\/pages\/1640\/revisions\/2181"}],"wp:attachment":[{"href":"https:\/\/lefrechet.fr\/index.php?rest_route=%2Fwp%2Fv2%2Fmedia&parent=1640"}],"curies":[{"name":"wp","href":"https:\/\/api.w.org\/{rel}","templated":true}]}}