{"id":1633,"date":"2021-01-24T15:54:52","date_gmt":"2021-01-24T14:54:52","guid":{"rendered":"https:\/\/lefrechet.fr\/?page_id=1633"},"modified":"2021-03-02T07:22:45","modified_gmt":"2021-03-02T06:22:45","slug":"monographie","status":"publish","type":"page","link":"https:\/\/lefrechet.fr\/?page_id=1633","title":{"rendered":"Monographie"},"content":{"rendered":"\n<p class=\"has-black-color has-text-color\">Les monographies communales sont des notices g\u00e9ographiques et historiques r\u00e9dig\u00e9es \u00e0 partir de la seconde moiti\u00e9 du XIX<sup>e<\/sup> si\u00e8cle et d\u00e9crivant les communes de France.<\/p>\n\n\n\n<p>Elles ont \u00e9t\u00e9 g\u00e9n\u00e9ralement r\u00e9dig\u00e9es par des cur\u00e9s de campagne encourag\u00e9s par certains \u00e9v\u00eaques, ou par des instituteurs en r\u00e9ponse \u00e0 des directives g\u00e9n\u00e9rale du minist\u00e8re de l&rsquo;instruction publique. Il s&rsquo;agit de documents manuscrits, de niveau tr\u00e8s in\u00e9gal, g\u00e9n\u00e9ralement conserv\u00e9s dans les Archives d\u00e9partementales.<\/p>\n\n\n\n<p>La Commune de Le Fr\u00e9chet \u00e0 la chance d&rsquo;avoir sa Monographie. \u00c9crite le 1er Avril 1885, par un certain M. Batmallel, l&rsquo;instituteur du Village. Retrouv\u00e9e et photocopi\u00e9e aux archives d\u00e9partementales, elle est une description sans ambages de notre village et de ces habitants \u00e0 la fin du XIX<sup>e<\/sup> si\u00e8cle.<\/p>\n\n\n\n<p>Malgr\u00e9 une qualit\u00e9 moyenne des photocopies, nous vous offrons l\u00e0 une version PDF, d&rsquo;un morceau de notre histoire. Bonne lecture&#8230;<\/p>\n\n\n\n<div class=\"wp-block-file\"><a href=\"https:\/\/lefrechet.fr\/wp-content\/uploads\/2021\/01\/MONOGRAPHIE-FRECHET.pdf\" target=\"_blank\" rel=\"noreferrer noopener\">MONOGRAPHIE FRECHET<\/a><a href=\"https:\/\/lefrechet.fr\/wp-content\/uploads\/2021\/01\/MONOGRAPHIE-FRECHET.pdf\" class=\"wp-block-file__button\" download>T\u00e9l\u00e9charger<\/a><\/div>\n\n\n\n<p><\/p>\n","protected":false},"excerpt":{"rendered":"<p>Les monographies communales sont des notices g\u00e9ographiques et historiques r\u00e9dig\u00e9es \u00e0 partir de la seconde moiti\u00e9 du XIXe si\u00e8cle et d\u00e9crivant les communes de France. Elles ont \u00e9t\u00e9 g\u00e9n\u00e9ralement r\u00e9dig\u00e9es&hellip;<\/p>\n","protected":false},"author":1,"featured_media":0,"parent":0,"menu_order":0,"comment_status":"closed","ping_status":"closed","template":"page-templates\/fullwidth.php","meta":{"footnotes":""},"class_list":["post-1633","page","type-page","status-publish","hentry"],"_links":{"self":[{"href":"https:\/\/lefrechet.fr\/index.php?rest_route=\/wp\/v2\/pages\/1633","targetHints":{"allow":["GET"]}}],"collection":[{"href":"https:\/\/lefrechet.fr\/index.php?rest_route=\/wp\/v2\/pages"}],"about":[{"href":"https:\/\/lefrechet.fr\/index.php?rest_route=\/wp\/v2\/types\/page"}],"author":[{"embeddable":true,"href":"https:\/\/lefrechet.fr\/index.php?rest_route=\/wp\/v2\/users\/1"}],"replies":[{"embeddable":true,"href":"https:\/\/lefrechet.fr\/index.php?rest_route=%2Fwp%2Fv2%2Fcomments&post=1633"}],"version-history":[{"count":4,"href":"https:\/\/lefrechet.fr\/index.php?rest_route=\/wp\/v2\/pages\/1633\/revisions"}],"predecessor-version":[{"id":2126,"href":"https:\/\/lefrechet.fr\/index.php?rest_route=\/wp\/v2\/pages\/1633\/revisions\/2126"}],"wp:attachment":[{"href":"https:\/\/lefrechet.fr\/index.php?rest_route=%2Fwp%2Fv2%2Fmedia&parent=1633"}],"curies":[{"name":"wp","href":"https:\/\/api.w.org\/{rel}","templated":true}]}}