{"id":1415,"date":"2021-01-23T16:50:25","date_gmt":"2021-01-23T15:50:25","guid":{"rendered":"https:\/\/lefrechet.fr\/?page_id=1415"},"modified":"2021-02-14T10:01:23","modified_gmt":"2021-02-14T09:01:23","slug":"loisirs","status":"publish","type":"page","link":"https:\/\/lefrechet.fr\/?page_id=1415","title":{"rendered":"Loisirs"},"content":{"rendered":"\n<figure class=\"wp-block-image\"><a href=\"https:\/\/www.village-gaulois.org\/\" target=\"_blank\" rel=\"noopener\"><img decoding=\"async\" src=\"https:\/\/www.village-gaulois.org\/images\/logo_village-gaulois.jpg\" alt=\"\"\/><\/a><\/figure>\n\n\n\nLe Village\nEcomus\u00e9e, parc arch\u00e9ologique, parc culturel, le Village Gaulois est inclassable. L\u2019origine du projet, de sa construction, en passant par son fonctionnement, jusqu\u2019\u00e0 son ouverture, rien dans ce lieu n\u2019est ordinaire, ici, tout est diff\u00e9rent et loin des chemins balis\u00e9s.\n\nTout au long du parcours, des pupitres explicatifs permettent de mieux comprendre le lieu, la p\u00e9riode, l\u2019artisanat. En compl\u00e9ment, diverses animations sont propos\u00e9es \u00e0 l\u2019int\u00e9rieur du village lors des jours d\u2019ouverture aux individuels en p\u00e9riode rouge, p\u00e9riode bleue et p\u00e9riode violette.\nPour identifier les p\u00e9riodes et conna\u00eetre le programme pr\u00e9cis des animations pr\u00e9vues le jour de votre visite r\u00e9f\u00e9rez-vous au calendrier d&rsquo;ouverture du parc.\n\n\n\n<hr class=\"wp-block-separator is-style-wide\"\/>\n\n\n\n<figure class=\"wp-block-image size-large\"><a href=\"https:\/\/lefrechet.fr\/wp-content\/uploads\/2021\/01\/7150-village-gaulois.jpg\" target=\"_blank\" rel=\"noopener\"><img loading=\"lazy\" decoding=\"async\" width=\"1024\" height=\"682\" src=\"https:\/\/lefrechet.fr\/wp-content\/uploads\/2021\/01\/7150-village-gaulois-1024x682.jpg\" alt=\"\" class=\"wp-image-1693\" srcset=\"https:\/\/lefrechet.fr\/wp-content\/uploads\/2021\/01\/7150-village-gaulois-1024x682.jpg 1024w, https:\/\/lefrechet.fr\/wp-content\/uploads\/2021\/01\/7150-village-gaulois-300x200.jpg 300w, https:\/\/lefrechet.fr\/wp-content\/uploads\/2021\/01\/7150-village-gaulois-768x511.jpg 768w, https:\/\/lefrechet.fr\/wp-content\/uploads\/2021\/01\/7150-village-gaulois-140x93.jpg 140w, https:\/\/lefrechet.fr\/wp-content\/uploads\/2021\/01\/7150-village-gaulois.jpg 1374w\" sizes=\"auto, (max-width: 1024px) 100vw, 1024px\" \/><\/a><\/figure>\n\n\n\n<figure class=\"wp-block-image size-large\"><a href=\"https:\/\/lefrechet.fr\/wp-content\/uploads\/2021\/01\/119298019_o.png\" target=\"_blank\" rel=\"noopener\"><img loading=\"lazy\" decoding=\"async\" width=\"1024\" height=\"576\" src=\"https:\/\/lefrechet.fr\/wp-content\/uploads\/2021\/01\/119298019_o-1024x576.png\" alt=\"\" class=\"wp-image-1712\" srcset=\"https:\/\/lefrechet.fr\/wp-content\/uploads\/2021\/01\/119298019_o-1024x576.png 1024w, https:\/\/lefrechet.fr\/wp-content\/uploads\/2021\/01\/119298019_o-300x169.png 300w, https:\/\/lefrechet.fr\/wp-content\/uploads\/2021\/01\/119298019_o-768x432.png 768w, https:\/\/lefrechet.fr\/wp-content\/uploads\/2021\/01\/119298019_o-1536x864.png 1536w, https:\/\/lefrechet.fr\/wp-content\/uploads\/2021\/01\/119298019_o-140x79.png 140w, https:\/\/lefrechet.fr\/wp-content\/uploads\/2021\/01\/119298019_o.png 1920w\" sizes=\"auto, (max-width: 1024px) 100vw, 1024px\" \/><\/a><\/figure>\n\n\n\n<figure class=\"wp-block-image size-large\"><a href=\"https:\/\/lefrechet.fr\/wp-content\/uploads\/2021\/01\/village-gaulois-15-mars-2012-2-scaled.jpg\" target=\"_blank\" rel=\"noopener\"><img loading=\"lazy\" decoding=\"async\" width=\"1024\" height=\"683\" src=\"https:\/\/lefrechet.fr\/wp-content\/uploads\/2021\/01\/village-gaulois-15-mars-2012-2-1024x683.jpg\" alt=\"\" class=\"wp-image-1714\" srcset=\"https:\/\/lefrechet.fr\/wp-content\/uploads\/2021\/01\/village-gaulois-15-mars-2012-2-1024x683.jpg 1024w, https:\/\/lefrechet.fr\/wp-content\/uploads\/2021\/01\/village-gaulois-15-mars-2012-2-300x200.jpg 300w, https:\/\/lefrechet.fr\/wp-content\/uploads\/2021\/01\/village-gaulois-15-mars-2012-2-768x512.jpg 768w, https:\/\/lefrechet.fr\/wp-content\/uploads\/2021\/01\/village-gaulois-15-mars-2012-2-1536x1024.jpg 1536w, https:\/\/lefrechet.fr\/wp-content\/uploads\/2021\/01\/village-gaulois-15-mars-2012-2-2048x1365.jpg 2048w, https:\/\/lefrechet.fr\/wp-content\/uploads\/2021\/01\/village-gaulois-15-mars-2012-2-140x93.jpg 140w\" sizes=\"auto, (max-width: 1024px) 100vw, 1024px\" \/><\/a><\/figure>\n\n\n\n<div class=\"wp-block-file\"><a href=\"https:\/\/lefrechet.fr\/wp-content\/uploads\/2021\/01\/Village-Gaulois-1.pdf\" target=\"_blank\" rel=\"noreferrer noopener\">Brochure Village-Gaulois<\/a><a href=\"https:\/\/lefrechet.fr\/wp-content\/uploads\/2021\/01\/Village-Gaulois-1.pdf\" class=\"wp-block-file__button\" download>T\u00e9l\u00e9charger<\/a><\/div>\n\n\n\n<hr class=\"wp-block-separator is-style-wide\"\/>\n\n\n\n<p><a href=\"https:\/\/www.village-gaulois.org\/\" data-type=\"URL\" data-id=\"https:\/\/www.village-gaulois.org\/\" target=\"_blank\" rel=\"noreferrer noopener\">Visitez le site de Le Village Gaulois &#8211; L&rsquo;Arch\u00e9osite | Parc \u00e0 th\u00e8me de loisirs <\/a><\/p>\n","protected":false},"excerpt":{"rendered":"<p>Le Village Ecomus\u00e9e, parc arch\u00e9ologique, parc culturel, le Village Gaulois est inclassable. L\u2019origine du projet, de sa construction, en passant par son fonctionnement, jusqu\u2019\u00e0 son ouverture, rien dans ce lieu&hellip;<\/p>\n","protected":false},"author":2,"featured_media":0,"parent":0,"menu_order":0,"comment_status":"closed","ping_status":"closed","template":"page-templates\/fullwidth.php","meta":{"footnotes":""},"class_list":["post-1415","page","type-page","status-publish","hentry"],"_links":{"self":[{"href":"https:\/\/lefrechet.fr\/index.php?rest_route=\/wp\/v2\/pages\/1415","targetHints":{"allow":["GET"]}}],"collection":[{"href":"https:\/\/lefrechet.fr\/index.php?rest_route=\/wp\/v2\/pages"}],"about":[{"href":"https:\/\/lefrechet.fr\/index.php?rest_route=\/wp\/v2\/types\/page"}],"author":[{"embeddable":true,"href":"https:\/\/lefrechet.fr\/index.php?rest_route=\/wp\/v2\/users\/2"}],"replies":[{"embeddable":true,"href":"https:\/\/lefrechet.fr\/index.php?rest_route=%2Fwp%2Fv2%2Fcomments&post=1415"}],"version-history":[{"count":30,"href":"https:\/\/lefrechet.fr\/index.php?rest_route=\/wp\/v2\/pages\/1415\/revisions"}],"predecessor-version":[{"id":1833,"href":"https:\/\/lefrechet.fr\/index.php?rest_route=\/wp\/v2\/pages\/1415\/revisions\/1833"}],"wp:attachment":[{"href":"https:\/\/lefrechet.fr\/index.php?rest_route=%2Fwp%2Fv2%2Fmedia&parent=1415"}],"curies":[{"name":"wp","href":"https:\/\/api.w.org\/{rel}","templated":true}]}}