{"id":1372,"date":"2021-01-23T14:59:01","date_gmt":"2021-01-23T13:59:01","guid":{"rendered":"https:\/\/lefrechet.fr\/?page_id=1372"},"modified":"2021-02-16T07:33:41","modified_gmt":"2021-02-16T06:33:41","slug":"travail-a-ferrer","status":"publish","type":"page","link":"https:\/\/lefrechet.fr\/?page_id=1372","title":{"rendered":"Travail \u00e0 Ferrer"},"content":{"rendered":"\n<p class=\"has-medium-font-size\"><strong>Histoire et origine <\/strong><\/p>\n\n\n\n<p>Dat\u00e9 du XIX<sup>e<\/sup> et XX<sup>e<\/sup> si\u00e8cle, ce travail servait au ferrage des b\u00eates utilis\u00e9es pour l&rsquo;agriculture. Il est constitu\u00e9 de quatre montants verticaux en bois, reli\u00e9s par des brancards horizontaux. Un joug, un treuil, des cha\u00eenes et un repose-pied compl\u00e8tent l&rsquo;assemblage. Il est situ\u00e9 rue de la fa\u00efencerie, non loin de la Mairie.<\/p>\n\n\n\n<figure class=\"wp-block-image size-large\"><a href=\"https:\/\/lefrechet.fr\/wp-content\/uploads\/2021\/01\/METIER-A-FERRER.jpg\" target=\"_blank\" rel=\"noopener\"><img loading=\"lazy\" decoding=\"async\" width=\"458\" height=\"315\" src=\"https:\/\/lefrechet.fr\/wp-content\/uploads\/2021\/01\/METIER-A-FERRER.jpg\" alt=\"\" class=\"wp-image-1538\" srcset=\"https:\/\/lefrechet.fr\/wp-content\/uploads\/2021\/01\/METIER-A-FERRER.jpg 458w, https:\/\/lefrechet.fr\/wp-content\/uploads\/2021\/01\/METIER-A-FERRER-300x206.jpg 300w, https:\/\/lefrechet.fr\/wp-content\/uploads\/2021\/01\/METIER-A-FERRER-140x96.jpg 140w\" sizes=\"auto, (max-width: 458px) 100vw, 458px\" \/><\/a><\/figure>\n","protected":false},"excerpt":{"rendered":"<p>Histoire et origine Dat\u00e9 du XIXe et XXe si\u00e8cle, ce travail servait au ferrage des b\u00eates utilis\u00e9es pour l&rsquo;agriculture. Il est constitu\u00e9 de quatre montants verticaux en bois, reli\u00e9s par&hellip;<\/p>\n","protected":false},"author":2,"featured_media":0,"parent":0,"menu_order":0,"comment_status":"closed","ping_status":"closed","template":"page-templates\/fullwidth.php","meta":{"footnotes":""},"class_list":["post-1372","page","type-page","status-publish","hentry"],"_links":{"self":[{"href":"https:\/\/lefrechet.fr\/index.php?rest_route=\/wp\/v2\/pages\/1372","targetHints":{"allow":["GET"]}}],"collection":[{"href":"https:\/\/lefrechet.fr\/index.php?rest_route=\/wp\/v2\/pages"}],"about":[{"href":"https:\/\/lefrechet.fr\/index.php?rest_route=\/wp\/v2\/types\/page"}],"author":[{"embeddable":true,"href":"https:\/\/lefrechet.fr\/index.php?rest_route=\/wp\/v2\/users\/2"}],"replies":[{"embeddable":true,"href":"https:\/\/lefrechet.fr\/index.php?rest_route=%2Fwp%2Fv2%2Fcomments&post=1372"}],"version-history":[{"count":3,"href":"https:\/\/lefrechet.fr\/index.php?rest_route=\/wp\/v2\/pages\/1372\/revisions"}],"predecessor-version":[{"id":1544,"href":"https:\/\/lefrechet.fr\/index.php?rest_route=\/wp\/v2\/pages\/1372\/revisions\/1544"}],"wp:attachment":[{"href":"https:\/\/lefrechet.fr\/index.php?rest_route=%2Fwp%2Fv2%2Fmedia&parent=1372"}],"curies":[{"name":"wp","href":"https:\/\/api.w.org\/{rel}","templated":true}]}}