{"id":1367,"date":"2021-01-23T14:59:00","date_gmt":"2021-01-23T13:59:00","guid":{"rendered":"https:\/\/lefrechet.fr\/?page_id=1367"},"modified":"2021-02-16T07:32:49","modified_gmt":"2021-02-16T06:32:49","slug":"chemin-du-puit","status":"publish","type":"page","link":"https:\/\/lefrechet.fr\/?page_id=1367","title":{"rendered":"Chemin du Puits"},"content":{"rendered":"\n<p>C&rsquo;est un petit chemin ombrag\u00e9 et long d&rsquo;une trentaine de m\u00e8tres qui m\u00e8ne jusqu&rsquo;\u00e0 un petit abreuvoir ma\u00e7onn\u00e9, surmont\u00e9 d&rsquo;une pompe \u00e0 bras de fonte. L&rsquo;eau puis\u00e9e dans le puits servait \u00e0 la population et pour faire boire les b\u00eates dans l&rsquo;abreuvoir. Lieu paisible, et intimiste, il est mal connut, m\u00eame par beaucoup de fr\u00e9ch\u00e9tois&#8230;<\/p>\n\n\n\n<figure class=\"wp-block-image size-large\"><a href=\"https:\/\/lefrechet.fr\/wp-content\/uploads\/2021\/01\/PUITS-006.jpg\" target=\"_blank\" rel=\"noopener\"><img loading=\"lazy\" decoding=\"async\" width=\"591\" height=\"394\" src=\"https:\/\/lefrechet.fr\/wp-content\/uploads\/2021\/01\/PUITS-006.jpg\" alt=\"\" class=\"wp-image-1487\" srcset=\"https:\/\/lefrechet.fr\/wp-content\/uploads\/2021\/01\/PUITS-006.jpg 591w, https:\/\/lefrechet.fr\/wp-content\/uploads\/2021\/01\/PUITS-006-300x200.jpg 300w, https:\/\/lefrechet.fr\/wp-content\/uploads\/2021\/01\/PUITS-006-140x93.jpg 140w\" sizes=\"auto, (max-width: 591px) 100vw, 591px\" \/><\/a><\/figure>\n","protected":false},"excerpt":{"rendered":"<p>C&rsquo;est un petit chemin ombrag\u00e9 et long d&rsquo;une trentaine de m\u00e8tres qui m\u00e8ne jusqu&rsquo;\u00e0 un petit abreuvoir ma\u00e7onn\u00e9, surmont\u00e9 d&rsquo;une pompe \u00e0 bras de fonte. L&rsquo;eau puis\u00e9e dans le puits&hellip;<\/p>\n","protected":false},"author":2,"featured_media":0,"parent":0,"menu_order":0,"comment_status":"closed","ping_status":"closed","template":"page-templates\/fullwidth.php","meta":{"footnotes":""},"class_list":["post-1367","page","type-page","status-publish","hentry"],"_links":{"self":[{"href":"https:\/\/lefrechet.fr\/index.php?rest_route=\/wp\/v2\/pages\/1367","targetHints":{"allow":["GET"]}}],"collection":[{"href":"https:\/\/lefrechet.fr\/index.php?rest_route=\/wp\/v2\/pages"}],"about":[{"href":"https:\/\/lefrechet.fr\/index.php?rest_route=\/wp\/v2\/types\/page"}],"author":[{"embeddable":true,"href":"https:\/\/lefrechet.fr\/index.php?rest_route=\/wp\/v2\/users\/2"}],"replies":[{"embeddable":true,"href":"https:\/\/lefrechet.fr\/index.php?rest_route=%2Fwp%2Fv2%2Fcomments&post=1367"}],"version-history":[{"count":6,"href":"https:\/\/lefrechet.fr\/index.php?rest_route=\/wp\/v2\/pages\/1367\/revisions"}],"predecessor-version":[{"id":1760,"href":"https:\/\/lefrechet.fr\/index.php?rest_route=\/wp\/v2\/pages\/1367\/revisions\/1760"}],"wp:attachment":[{"href":"https:\/\/lefrechet.fr\/index.php?rest_route=%2Fwp%2Fv2%2Fmedia&parent=1367"}],"curies":[{"name":"wp","href":"https:\/\/api.w.org\/{rel}","templated":true}]}}