{"id":1343,"date":"2021-01-23T14:15:50","date_gmt":"2021-01-23T13:15:50","guid":{"rendered":"https:\/\/lefrechet.fr\/?page_id=1343"},"modified":"2025-09-09T20:19:11","modified_gmt":"2025-09-09T18:19:11","slug":"vie-communale","status":"publish","type":"page","link":"https:\/\/lefrechet.fr\/?page_id=1343","title":{"rendered":"Vie Communale"},"content":{"rendered":"\n<p style=\"font-size:27px\"><strong>Le Fr\u00e9chet<\/strong><\/p>\n\n\n\n<figure class=\"wp-block-image size-large\"><a href=\"https:\/\/lefrechet.fr\/wp-content\/uploads\/2021\/01\/CARTE-FRANCE-002.jpg\" target=\"_blank\" rel=\"noopener\"><img loading=\"lazy\" decoding=\"async\" width=\"626\" height=\"601\" src=\"https:\/\/lefrechet.fr\/wp-content\/uploads\/2021\/01\/CARTE-FRANCE-002.jpg\" alt=\"\" class=\"wp-image-1360\" srcset=\"https:\/\/lefrechet.fr\/wp-content\/uploads\/2021\/01\/CARTE-FRANCE-002.jpg 626w, https:\/\/lefrechet.fr\/wp-content\/uploads\/2021\/01\/CARTE-FRANCE-002-300x288.jpg 300w, https:\/\/lefrechet.fr\/wp-content\/uploads\/2021\/01\/CARTE-FRANCE-002-140x134.jpg 140w\" sizes=\"auto, (max-width: 626px) 100vw, 626px\" \/><\/a><\/figure>\n\n\n\n<p>Le Fr\u00e9chet est un petit village du sud-ouest de la France. Il est situ\u00e9 \u00e0 65 km au sud de l&rsquo;agglom\u00e9ration toulousaine dans le d\u00e9partement de la Haute-Garonne et la R\u00e9gion Occitanie.<\/p>\n\n\n\n<p>Le Fr\u00e9chet appartient \u00e0 l&rsquo;Arrondissement de Saint-Gaudens et depuis 2015 au Canton de Bagn\u00e8res-de-Luchon.<\/p>\n\n\n\n<p>Avec 55 autres Communes, Le Fr\u00e9chet fait partie de la Communaut\u00e9 de Commune Cagire Garonne Salat.<\/p>\n\n\n\n<p><\/p>\n\n\n\n<p><strong>\u00c9tymologie :<\/strong><\/p>\n\n\n\n<p>L&rsquo;origine exacte du nom de la Commune n&rsquo;est pas totalement certifi\u00e9e. N\u00e9anmoins plusieurs pistes nous ram\u00e8nent au m\u00eame r\u00e9sultat.<\/p>\n\n\n\n<p>En effet,&nbsp;<strong>Fr\u00e9chet<\/strong>&nbsp;est un nom de famille d&rsquo;origine toponymique, repr\u00e9sentant un nom de localit\u00e9 des Hautes-Pyr\u00e9n\u00e9es issu du latin <em>fraxinus<\/em> : fr\u00eane, d\u00e9signant un lieu plant\u00e9 de bois de fr\u00eanes.<\/p>\n\n\n\n<p>M\u00eame si aujourd&rsquo;hui les bois de la Commune sont surtout plant\u00e9s de ch\u00eanes, il n&rsquo;est pas interdit de penser qu&rsquo;\u00e0 la cr\u00e9ation du village les fr\u00eanes \u00e9taient majoritaires. D&rsquo;autant que cette essence pionni\u00e8re est bien pr\u00e9sente sur la Commune et y pousse facilement.<\/p>\n\n\n\n<p>Il est donc assez plausible qu&rsquo;il est donn\u00e9 son nom \u00e0 la Commune&#8230;<\/p>\n\n\n\n<p>&nbsp;<em><strong>Toponymie<\/strong> : Ensemble des noms de lieux d&rsquo;une r\u00e9gion, d&rsquo;une langue.<\/em><\/p>\n\n\n\n<p><strong>G\u00e9ographie :<\/strong><\/p>\n\n\n\n<p>D&rsquo;une superficie de 4,21 km<sup>2<\/sup> la Commune de Le Fr\u00e9chet est au c\u0153ur des Petites Pyr\u00e9n\u00e9es. Entit\u00e9 g\u00e9ographique n\u00e9e lors de la formation des Pyr\u00e9n\u00e9es toutes proches. les Petites Pyr\u00e9n\u00e9es sont une succession de collines calcaires o\u00f9 la nature est encore bien pr\u00e9serv\u00e9e.<\/p>\n\n\n\n<p>La Commune est situ\u00e9e \u00e0 une altitude comprise entre <strong>318 m<\/strong> et <strong>485 m<\/strong>. Elle b\u00e9n\u00e9ficie d&rsquo;un climat continental qui peut s&rsquo;av\u00e9rer tr\u00e8s froid en hiver et \u00e9touffant en \u00e9t\u00e9.&nbsp;&nbsp;<\/p>\n\n\n\n<p><strong>Les Communes limitrophes sont :<\/strong><\/p>\n\n\n\n<p><a href=\"https:\/\/www.alan-village.fr\/\" data-type=\"URL\" data-id=\"https:\/\/www.alan-village.fr\/\" target=\"_blank\" rel=\"noreferrer noopener\">Alan<\/a>, <a href=\"https:\/\/www.aurignac.fr\/\" data-type=\"URL\" data-id=\"https:\/\/www.aurignac.fr\/\" target=\"_blank\" rel=\"noreferrer noopener\">Aurignac<\/a>, <a href=\"https:\/\/www.auzas.fr\/fr\/index.html\" data-type=\"URL\" data-id=\"https:\/\/www.auzas.fr\/fr\/index.html\" target=\"_blank\" rel=\"noreferrer noopener\">Auzas<\/a>, <a href=\"https:\/\/www.mairie-boussens.fr\/fr\/index.html\" data-type=\"URL\" data-id=\"https:\/\/www.mairie-boussens.fr\/fr\/index.html\" target=\"_blank\" rel=\"noreferrer noopener\">Boussens<\/a>, <a href=\"https:\/\/www.mairie-mancioux.fr\/fr\/index.html\" data-type=\"URL\" data-id=\"https:\/\/www.mairie-mancioux.fr\/fr\/index.html\" target=\"_blank\" rel=\"noreferrer noopener\">Mancioux<\/a>, <a href=\"https:\/\/www.annuaire-mairie.fr\/mairie-marignac-laspeyres.html\" data-type=\"URL\" data-id=\"https:\/\/www.annuaire-mairie.fr\/mairie-marignac-laspeyres.html\" target=\"_blank\" rel=\"noreferrer noopener\">Marignac-Laspeyres<\/a> et <a href=\"https:\/\/www.mairie-martres-tolosane.fr\/fr\/index.html\" data-type=\"URL\" data-id=\"https:\/\/www.mairie-martres-tolosane.fr\/fr\/index.html\" target=\"_blank\" rel=\"noreferrer noopener\">Martres-Tolosane<\/a>.<\/p>\n\n\n\n<figure class=\"wp-block-image size-large\"><a href=\"https:\/\/lefrechet.fr\/wp-content\/uploads\/2021\/01\/CARTE-FRANCE-003.jpg\" target=\"_blank\" rel=\"noopener\"><img loading=\"lazy\" decoding=\"async\" width=\"757\" height=\"606\" src=\"https:\/\/lefrechet.fr\/wp-content\/uploads\/2021\/01\/CARTE-FRANCE-003.jpg\" alt=\"\" class=\"wp-image-1361\" srcset=\"https:\/\/lefrechet.fr\/wp-content\/uploads\/2021\/01\/CARTE-FRANCE-003.jpg 757w, https:\/\/lefrechet.fr\/wp-content\/uploads\/2021\/01\/CARTE-FRANCE-003-300x240.jpg 300w, https:\/\/lefrechet.fr\/wp-content\/uploads\/2021\/01\/CARTE-FRANCE-003-140x112.jpg 140w\" sizes=\"auto, (max-width: 757px) 100vw, 757px\" \/><\/a><\/figure>\n\n\n\n<p><strong>Population et soci\u00e9t\u00e9 :<\/strong><\/p>\n\n\n\n<p>Les habitants du Fr\u00e9chet sont des<strong> fr\u00e9ch\u00e9toises<\/strong> et des <strong>fr\u00e9ch\u00e9tois<\/strong>.<\/p>\n\n\n\n<p><strong>D\u00e9mographie :<\/strong><\/p>\n\n\n\n<p>L&rsquo;\u00e9volution du nombre d&rsquo;habitants est connue \u00e0 travers les recensements de la population effectu\u00e9s dans la Commune depuis 1793. Depuis 2006, l&rsquo;INSEE publie annuellement les populations l\u00e9gales des Communes. Au Fr\u00e9chet une enqu\u00eate de recensement portant sur toute la population est r\u00e9alis\u00e9e tous les cinq ans.<\/p>\n\n\n\n<p>Selon une estimation de la mairie, la Commune de Le Fr\u00e9chet comptait 130 habitants au 25 janvier 2025.<\/p>\n\n\n\n<figure class=\"wp-block-image size-large\"><a href=\"https:\/\/lefrechet.fr\/wp-content\/uploads\/2021\/01\/IMAGE-DEMOGRAPHIE.jpg\" target=\"_blank\" rel=\"noopener\"><img loading=\"lazy\" decoding=\"async\" width=\"750\" height=\"710\" src=\"https:\/\/lefrechet.fr\/wp-content\/uploads\/2021\/01\/IMAGE-DEMOGRAPHIE.jpg\" alt=\"\" class=\"wp-image-1362\" srcset=\"https:\/\/lefrechet.fr\/wp-content\/uploads\/2021\/01\/IMAGE-DEMOGRAPHIE.jpg 750w, https:\/\/lefrechet.fr\/wp-content\/uploads\/2021\/01\/IMAGE-DEMOGRAPHIE-300x284.jpg 300w, https:\/\/lefrechet.fr\/wp-content\/uploads\/2021\/01\/IMAGE-DEMOGRAPHIE-140x133.jpg 140w\" sizes=\"auto, (max-width: 750px) 100vw, 750px\" \/><\/a><\/figure>\n","protected":false},"excerpt":{"rendered":"<p>Le Fr\u00e9chet Le Fr\u00e9chet est un petit village du sud-ouest de la France. Il est situ\u00e9 \u00e0 65 km au sud de l&rsquo;agglom\u00e9ration toulousaine dans le d\u00e9partement de la Haute-Garonne&hellip;<\/p>\n","protected":false},"author":2,"featured_media":0,"parent":0,"menu_order":0,"comment_status":"closed","ping_status":"closed","template":"","meta":{"footnotes":""},"class_list":["post-1343","page","type-page","status-publish","hentry"],"_links":{"self":[{"href":"https:\/\/lefrechet.fr\/index.php?rest_route=\/wp\/v2\/pages\/1343","targetHints":{"allow":["GET"]}}],"collection":[{"href":"https:\/\/lefrechet.fr\/index.php?rest_route=\/wp\/v2\/pages"}],"about":[{"href":"https:\/\/lefrechet.fr\/index.php?rest_route=\/wp\/v2\/types\/page"}],"author":[{"embeddable":true,"href":"https:\/\/lefrechet.fr\/index.php?rest_route=\/wp\/v2\/users\/2"}],"replies":[{"embeddable":true,"href":"https:\/\/lefrechet.fr\/index.php?rest_route=%2Fwp%2Fv2%2Fcomments&post=1343"}],"version-history":[{"count":13,"href":"https:\/\/lefrechet.fr\/index.php?rest_route=\/wp\/v2\/pages\/1343\/revisions"}],"predecessor-version":[{"id":3355,"href":"https:\/\/lefrechet.fr\/index.php?rest_route=\/wp\/v2\/pages\/1343\/revisions\/3355"}],"wp:attachment":[{"href":"https:\/\/lefrechet.fr\/index.php?rest_route=%2Fwp%2Fv2%2Fmedia&parent=1343"}],"curies":[{"name":"wp","href":"https:\/\/api.w.org\/{rel}","templated":true}]}}