{"id":1245,"date":"2021-01-21T15:58:34","date_gmt":"2021-01-21T14:58:34","guid":{"rendered":"https:\/\/lefrechet.fr\/?page_id=1245"},"modified":"2021-01-21T18:29:56","modified_gmt":"2021-01-21T17:29:56","slug":"confidentialite","status":"publish","type":"page","link":"https:\/\/lefrechet.fr\/?page_id=1245","title":{"rendered":"confidentialit\u00e9"},"content":{"rendered":"\n<p>La Mairie de Le Fr\u00e9chet s\u2019engage \u00e0 ce que la collecte et le traitement de vos donn\u00e9es, effectu\u00e9s \u00e0 partir du site www.lefrechet.fr, soient conformes au r\u00e8glement g\u00e9n\u00e9ral sur la protection des donn\u00e9es (RGPD) et \u00e0 la loi Informatique et Libert\u00e9s.<\/p>\n\n\n\n<p><strong>D\u00e9l\u00e9gu\u00e9 \u00e0 la protection des donn\u00e9es<\/strong><\/p>\n\n\n\n<p>Conform\u00e9ment \u00e0 cette nouvelle r\u00e9glementation, un D\u00e9l\u00e9gu\u00e9 \u00e0 la protection des donn\u00e9es a \u00e9t\u00e9 d\u00e9sign\u00e9.<\/p>\n\n\n\n<p>D\u00e9l\u00e9gu\u00e9(e) \u00e0 la Protection des donn\u00e9es personnelles : Agence Technique D\u00e9partementale de la Haute-Garonne<\/p>\n\n\n\n<p>Coordonn\u00e9es : D\u00e9l\u00e9gu\u00e9 \u00e0 la protection des donn\u00e9es (D. P. O.) \u2013 Mairie \u2013 Rue de la Faiencerie \u2013 31360 Le Fr\u00e9chet<\/p>\n\n\n\n<p>T\u00e9l\u00e9phone : 05 61 90 05 43<\/p>\n\n\n\nCourriel : mairiedufrechet@wanadoo.fr\n\n\n\n<p>Vous pouvez le ou la saisir par courrier postal&nbsp; ou par courrier \u00e9lectronique.<\/p>\n\n\n\n<p><strong>Traitement des donn\u00e9es personnelles<\/strong><\/p>\n\n\n\n<p>Les donn\u00e9es personnelles r\u00e9colt\u00e9es sur ce site le sont dans le cadre d\u2019une mission de service public, \u00e0 des fins d\u2019enrichissement de contenus, d\u2019analyse statistique.<\/p>\n\n\n\n<p>Ces donn\u00e9es sont r\u00e9colt\u00e9es avec votre consentement explicite. Vous pouvez \u00e0 tout moment retirer ce consentement soit par le biais des outils mis \u00e0 votre disposition en ligne (gestion des cookies), soit par saisie des services responsables du traitement de vos donn\u00e9es. Vous pouvez \u00e9galement saisir \u00e0 cette fin le D\u00e9l\u00e9gu\u00e9 \u00e0 la protection des donn\u00e9es.<\/p>\n\n\n\n<p>Aucun transfert ou cession de vos donn\u00e9es \u00e0 des tiers n\u2019a lieu.<\/p>\n\n\n\n<p>Les donn\u00e9es personnelles recueillies dans le cadre des services propos\u00e9s sur le site&nbsp;: www.lefrechet.fr&nbsp;sont trait\u00e9es selon des protocoles s\u00e9curis\u00e9s.<\/p>\n\n\n\n<p>Le stockage de ces donn\u00e9es est, par ailleurs, limit\u00e9 dans le temps \u00e0 une date de p\u00e9remption de 12 mois. A l\u2019issue de cette p\u00e9riode, vos donn\u00e9es personnelles sont supprim\u00e9es.<\/p>\n","protected":false},"excerpt":{"rendered":"<p>La Mairie de Le Fr\u00e9chet s\u2019engage \u00e0 ce que la collecte et le traitement de vos donn\u00e9es, effectu\u00e9s \u00e0 partir du site www.lefrechet.fr, soient conformes au r\u00e8glement g\u00e9n\u00e9ral sur la&hellip;<\/p>\n","protected":false},"author":2,"featured_media":0,"parent":0,"menu_order":0,"comment_status":"closed","ping_status":"closed","template":"","meta":{"footnotes":""},"class_list":["post-1245","page","type-page","status-publish","hentry"],"_links":{"self":[{"href":"https:\/\/lefrechet.fr\/index.php?rest_route=\/wp\/v2\/pages\/1245","targetHints":{"allow":["GET"]}}],"collection":[{"href":"https:\/\/lefrechet.fr\/index.php?rest_route=\/wp\/v2\/pages"}],"about":[{"href":"https:\/\/lefrechet.fr\/index.php?rest_route=\/wp\/v2\/types\/page"}],"author":[{"embeddable":true,"href":"https:\/\/lefrechet.fr\/index.php?rest_route=\/wp\/v2\/users\/2"}],"replies":[{"embeddable":true,"href":"https:\/\/lefrechet.fr\/index.php?rest_route=%2Fwp%2Fv2%2Fcomments&post=1245"}],"version-history":[{"count":6,"href":"https:\/\/lefrechet.fr\/index.php?rest_route=\/wp\/v2\/pages\/1245\/revisions"}],"predecessor-version":[{"id":1272,"href":"https:\/\/lefrechet.fr\/index.php?rest_route=\/wp\/v2\/pages\/1245\/revisions\/1272"}],"wp:attachment":[{"href":"https:\/\/lefrechet.fr\/index.php?rest_route=%2Fwp%2Fv2%2Fmedia&parent=1245"}],"curies":[{"name":"wp","href":"https:\/\/api.w.org\/{rel}","templated":true}]}}