{"id":1244,"date":"2021-01-21T15:58:34","date_gmt":"2021-01-21T14:58:34","guid":{"rendered":"https:\/\/lefrechet.fr\/?page_id=1244"},"modified":"2021-01-24T14:08:50","modified_gmt":"2021-01-24T13:08:50","slug":"mentions-legales","status":"publish","type":"page","link":"https:\/\/lefrechet.fr\/?page_id=1244","title":{"rendered":"Mentions l\u00e9gales"},"content":{"rendered":"\n<p>Conform\u00e9ment aux dispositions des Articles 6-III et 19 de la Loi n\u00b02004-575 du 21 juin 2004 pour la Confiance dans l\u2019\u00e9conomie num\u00e9rique, dite L.C.E.N., il est port\u00e9 \u00e0 la connaissance des Utilisateurs du site <em>www.lefrechet.fr <\/em>les pr\u00e9sentes mentions l\u00e9gales.<\/p>\n\n\n\n<p>La connexion et la navigation sur le site (indiquer le nom du site) par l\u2019Utilisateur implique acceptation int\u00e9grale et sans r\u00e9serve des pr\u00e9sentes mentions l\u00e9gales.<\/p>\n\n\n\n<p>Ces derni\u00e8res sont accessibles sur le site \u00e0 la rubrique \u00ab Mentions l\u00e9gales \u00bb.<\/p>\n\n\n\n<h1 class=\"has-small-font-size wp-block-heading\">ARTICLE 1 : L\u2019\u00e9diteur<br><\/h1>\n\n\n\n<p>L&rsquo;\u00e9dition du site www.lefrechet.fr est assur\u00e9e par la Mairie de le Frechet, dont le si\u00e8ge social est situ\u00e9 &nbsp;Rue de la faiencerie 31360 Le Fr\u00e9chet, num\u00e9ro de t\u00e9l\u00e9phone 05 61 90 05 43, adresse e-mail : mairiedufrechet@wanadoo.fr.<\/p>\n\n\n\n<p>Le Directeur de la publication est Frederic Lavail<\/p>\n\n\n\n<h1 class=\"has-small-font-size wp-block-heading\">ARTICLE 2 : L\u2019h\u00e9bergeur<\/h1>\n\n\n\n<p>L&rsquo;h\u00e9bergeur du site www.lefrechet.fr est la Soci\u00e9t\u00e9 ovh, dont le si\u00e8ge social est situ\u00e9 au 2 rue Kellermann 59100 Roubaix , avec le num\u00e9ro de t\u00e9l\u00e9phone : 05 22 26 00 86.<\/p>\n\n\n\n<h1 class=\"has-small-font-size wp-block-heading\">ARTICLE 3 : Acc\u00e8s au site<\/h1>\n\n\n\n<p>Le site est accessible par tout endroit, 7j\/7, 24h\/24 sauf cas de force majeure, interruption programm\u00e9e ou non et pouvant d\u00e9coulant d\u2019une n\u00e9cessit\u00e9 de maintenance.<\/p>\n\n\n\n<p>En cas de modification, interruption ou suspension des services le site <em>www.lefrechet.fr <\/em>ne saurait \u00eatre tenu responsable.<\/p>\n\n\n\n<h1 class=\"has-small-font-size wp-block-heading\">ARTICLE 4 : Collecte des donn\u00e9es<\/h1>\n\n\n\n<p>Le site est exempt\u00e9 de d\u00e9claration \u00e0 la Commission Nationale Informatique et Libert\u00e9s (CNIL) dans la mesure o\u00f9 il ne collecte aucune donn\u00e9e concernant les utilisateurs.<\/p>\n\n\n\n<h1 class=\"has-small-font-size wp-block-heading\">ARTICLE 5 : Cookies<br><\/h1>\n\n\n\n<p>L\u2019Utilisateur est inform\u00e9 que lors de ses visites sur le site, un cookie peut s\u2019installer automatiquement sur son logiciel de navigation.<\/p>\n\n\n\n<p>En naviguant sur le site, il les accepte.<\/p>\n\n\n\n<p>Un cookie est un \u00e9l\u00e9ment qui ne permet pas d\u2019identifier l\u2019Utilisateur mais sert \u00e0 enregistrer des informations relatives \u00e0 la navigation de celui-ci sur le site Internet. L\u2019Utilisateur pourra d\u00e9sactiver ce cookie par l\u2019interm\u00e9diaire des param\u00e8tres figurant au sein de son logiciel de navigation.<\/p>\n\n\n\n<h1 class=\"has-small-font-size wp-block-heading\">ARTICLE 6 : Propri\u00e9t\u00e9 intellectuelle<br><\/h1>\n\n\n\n<p>Toute utilisation, reproduction, diffusion, commercialisation, modification de toute ou partie du site <em>www.lefrechet.fr<\/em>,\u00a0 sans autorisation de l\u2019Editeur est prohib\u00e9e et pourra entra\u00een\u00e9e des actions et poursuites judiciaires telles que notamment pr\u00e9vues par le Code de la propri\u00e9t\u00e9 intellectuelle et le Code civil.<\/p>\n","protected":false},"excerpt":{"rendered":"<p>Conform\u00e9ment aux dispositions des Articles 6-III et 19 de la Loi n\u00b02004-575 du 21 juin 2004 pour la Confiance dans l\u2019\u00e9conomie num\u00e9rique, dite L.C.E.N., il est port\u00e9 \u00e0 la connaissance&hellip;<\/p>\n","protected":false},"author":2,"featured_media":0,"parent":0,"menu_order":0,"comment_status":"closed","ping_status":"closed","template":"","meta":{"footnotes":""},"class_list":["post-1244","page","type-page","status-publish","hentry"],"_links":{"self":[{"href":"https:\/\/lefrechet.fr\/index.php?rest_route=\/wp\/v2\/pages\/1244","targetHints":{"allow":["GET"]}}],"collection":[{"href":"https:\/\/lefrechet.fr\/index.php?rest_route=\/wp\/v2\/pages"}],"about":[{"href":"https:\/\/lefrechet.fr\/index.php?rest_route=\/wp\/v2\/types\/page"}],"author":[{"embeddable":true,"href":"https:\/\/lefrechet.fr\/index.php?rest_route=\/wp\/v2\/users\/2"}],"replies":[{"embeddable":true,"href":"https:\/\/lefrechet.fr\/index.php?rest_route=%2Fwp%2Fv2%2Fcomments&post=1244"}],"version-history":[{"count":5,"href":"https:\/\/lefrechet.fr\/index.php?rest_route=\/wp\/v2\/pages\/1244\/revisions"}],"predecessor-version":[{"id":1612,"href":"https:\/\/lefrechet.fr\/index.php?rest_route=\/wp\/v2\/pages\/1244\/revisions\/1612"}],"wp:attachment":[{"href":"https:\/\/lefrechet.fr\/index.php?rest_route=%2Fwp%2Fv2%2Fmedia&parent=1244"}],"curies":[{"name":"wp","href":"https:\/\/api.w.org\/{rel}","templated":true}]}}