{"id":1212,"date":"2021-01-21T14:30:50","date_gmt":"2021-01-21T13:30:50","guid":{"rendered":"https:\/\/lefrechet.fr\/?page_id=1212"},"modified":"2022-02-01T18:36:27","modified_gmt":"2022-02-01T17:36:27","slug":"cr-2020","status":"publish","type":"page","link":"https:\/\/lefrechet.fr\/?page_id=1212","title":{"rendered":"Comptes rendu des Conseils Municipaux 2021"},"content":{"rendered":"\n<h2 class=\"has-normal-font-size wp-block-heading\" id=\"prochain-conseil-municipal-le-05-novembre-2021-a-20h-a-la-mairie-du-frechet\"><em>Prochain Conseil Municipal le 05 Novembre 2021 \u00e0 20h \u00e0 la Mairie du Fr\u00e9chet<\/em><\/h2>\n\n\n\n<div class=\"wp-block-file\"><a id=\"wp-block-file--media-c82a3884-541e-4127-8397-6a859317d5c0\" href=\"https:\/\/lefrechet.fr\/wp-content\/uploads\/2022\/02\/CR-CM-du-17122021.pdf\" target=\"_blank\" rel=\"noreferrer noopener\">Compte rendu du Conseil Municipal du 17 D\u00e9cembre 2021<\/a><a href=\"https:\/\/lefrechet.fr\/wp-content\/uploads\/2022\/02\/CR-CM-du-17122021.pdf\" class=\"wp-block-file__button\" download aria-describedby=\"wp-block-file--media-c82a3884-541e-4127-8397-6a859317d5c0\">T\u00e9l\u00e9charger<\/a><\/div>\n\n\n\n<div class=\"wp-block-file\"><a id=\"wp-block-file--media-f9ae7a57-f595-4580-b9f2-8cece9335497\" href=\"https:\/\/lefrechet.fr\/wp-content\/uploads\/2021\/11\/CR-CM-du-05112021-1.pdf\" target=\"_blank\" rel=\"noreferrer noopener\">Compte rendu du Conseil Municipal du 05 Novembre 2021<\/a><a href=\"https:\/\/lefrechet.fr\/wp-content\/uploads\/2021\/11\/CR-CM-du-05112021-1.pdf\" class=\"wp-block-file__button\" download aria-describedby=\"wp-block-file--media-f9ae7a57-f595-4580-b9f2-8cece9335497\">T\u00e9l\u00e9charger<\/a><\/div>\n\n\n\n<div class=\"wp-block-file\"><a id=\"wp-block-file--media-96a0b08c-7694-4e13-8998-46037c2a1bf0\" href=\"https:\/\/lefrechet.fr\/wp-content\/uploads\/2021\/10\/CR-CM-du-08102021-1.pdf\" target=\"_blank\" rel=\"noreferrer noopener\">Compte rendu du Conseil Municipal du 08 Octobre 2021<\/a><a href=\"https:\/\/lefrechet.fr\/wp-content\/uploads\/2021\/10\/CR-CM-du-08102021-1.pdf\" class=\"wp-block-file__button\" download aria-describedby=\"wp-block-file--media-96a0b08c-7694-4e13-8998-46037c2a1bf0\">T\u00e9l\u00e9charger<\/a><\/div>\n\n\n\n<div class=\"wp-block-file\"><a id=\"wp-block-file--media-8567c5bc-8b80-4c76-9605-8bff6d7ff270\" href=\"https:\/\/lefrechet.fr\/wp-content\/uploads\/2021\/09\/CR-CM-du-10092021.pdf\" target=\"_blank\" rel=\"noreferrer noopener\">Compte rendu du Conseil Municipal du 10 Septembre 2021<\/a><a href=\"https:\/\/lefrechet.fr\/wp-content\/uploads\/2021\/09\/CR-CM-du-10092021.pdf\" class=\"wp-block-file__button\" download aria-describedby=\"wp-block-file--media-8567c5bc-8b80-4c76-9605-8bff6d7ff270\">T\u00e9l\u00e9charger<\/a><\/div>\n\n\n\n<div class=\"wp-block-file\"><a id=\"wp-block-file--media-367d6bf0-e688-4557-a5ea-1268d167a319\" href=\"https:\/\/lefrechet.fr\/wp-content\/uploads\/2021\/06\/CR-CM-du-11062021-1.pdf\" target=\"_blank\" rel=\"noreferrer noopener\">Compte rendu du Conseil Municipal du 11 Juin 2021<\/a><a href=\"https:\/\/lefrechet.fr\/wp-content\/uploads\/2021\/06\/CR-CM-du-11062021-1.pdf\" class=\"wp-block-file__button\" download aria-describedby=\"wp-block-file--media-367d6bf0-e688-4557-a5ea-1268d167a319\">T\u00e9l\u00e9charger<\/a><\/div>\n\n\n\n<div class=\"wp-block-file alignleft\"><a id=\"wp-block-file--media-aeeb9771-7c73-41b6-915d-01f421245908\" href=\"https:\/\/lefrechet.fr\/wp-content\/uploads\/2021\/06\/CR-CM-du-09042021.pdf\" target=\"_blank\" rel=\"noreferrer noopener\">Compte rendu du Conseil Municipal du 09 Avril 2021<\/a><a href=\"https:\/\/lefrechet.fr\/wp-content\/uploads\/2021\/06\/CR-CM-du-09042021.pdf\" class=\"wp-block-file__button\" download aria-describedby=\"wp-block-file--media-aeeb9771-7c73-41b6-915d-01f421245908\">T\u00e9l\u00e9charger<\/a><\/div>\n\n\n\n<div class=\"wp-block-file alignleft\"><a id=\"wp-block-file--media-a8f199a0-e2ad-4818-a131-64b2d3e698d8\" href=\"https:\/\/lefrechet.fr\/wp-content\/uploads\/2021\/03\/CR-CM-du-26022021.pdf\" target=\"_blank\" rel=\"noreferrer noopener\">Compte rendu du Conseil Municipal du 26 F\u00e9vrier 2021<\/a><a href=\"https:\/\/lefrechet.fr\/wp-content\/uploads\/2021\/03\/CR-CM-du-26022021.pdf\" class=\"wp-block-file__button\" download aria-describedby=\"wp-block-file--media-a8f199a0-e2ad-4818-a131-64b2d3e698d8\">T\u00e9l\u00e9charger<\/a><\/div>\n\n\n\n<div class=\"wp-block-file alignleft\"><a id=\"wp-block-file--media-40e72200-0939-43e5-a2b9-cd3c300758ac\" href=\"https:\/\/lefrechet.fr\/wp-content\/uploads\/2021\/02\/CR-CM-du-29012021.pdf\" target=\"_blank\" rel=\"noreferrer noopener\">Compte rendu du Conseil Municipal du 29 Janvier 2021<\/a><a href=\"https:\/\/lefrechet.fr\/wp-content\/uploads\/2021\/02\/CR-CM-du-29012021.pdf\" class=\"wp-block-file__button\" download aria-describedby=\"wp-block-file--media-40e72200-0939-43e5-a2b9-cd3c300758ac\">T\u00e9l\u00e9charge<\/a><\/div>\n\n\n\n<p><\/p>\n","protected":false},"excerpt":{"rendered":"<p>Prochain Conseil Municipal le 05 Novembre 2021 \u00e0 20h \u00e0 la Mairie du Fr\u00e9chet<\/p>\n","protected":false},"author":2,"featured_media":0,"parent":0,"menu_order":0,"comment_status":"closed","ping_status":"closed","template":"","meta":{"footnotes":""},"class_list":["post-1212","page","type-page","status-publish","hentry"],"_links":{"self":[{"href":"https:\/\/lefrechet.fr\/index.php?rest_route=\/wp\/v2\/pages\/1212","targetHints":{"allow":["GET"]}}],"collection":[{"href":"https:\/\/lefrechet.fr\/index.php?rest_route=\/wp\/v2\/pages"}],"about":[{"href":"https:\/\/lefrechet.fr\/index.php?rest_route=\/wp\/v2\/types\/page"}],"author":[{"embeddable":true,"href":"https:\/\/lefrechet.fr\/index.php?rest_route=\/wp\/v2\/users\/2"}],"replies":[{"embeddable":true,"href":"https:\/\/lefrechet.fr\/index.php?rest_route=%2Fwp%2Fv2%2Fcomments&post=1212"}],"version-history":[{"count":26,"href":"https:\/\/lefrechet.fr\/index.php?rest_route=\/wp\/v2\/pages\/1212\/revisions"}],"predecessor-version":[{"id":2498,"href":"https:\/\/lefrechet.fr\/index.php?rest_route=\/wp\/v2\/pages\/1212\/revisions\/2498"}],"wp:attachment":[{"href":"https:\/\/lefrechet.fr\/index.php?rest_route=%2Fwp%2Fv2%2Fmedia&parent=1212"}],"curies":[{"name":"wp","href":"https:\/\/api.w.org\/{rel}","templated":true}]}}